{"id":349,"date":"2016-06-07T14:08:30","date_gmt":"2016-06-07T20:08:30","guid":{"rendered":"https:\/\/biblica.ca\/?page_id=349"},"modified":"2025-03-31T14:57:01","modified_gmt":"2025-03-31T18:57:01","slug":"news","status":"publish","type":"page","link":"https:\/\/biblica.ca\/fr\/news\/","title":{"rendered":"Nouvelles"},"content":{"rendered":"<div id=\"bsf_rt_marker\"><\/div>\t\t<div data-elementor-type=\"wp-page\" data-elementor-id=\"349\" class=\"elementor elementor-349\" data-elementor-post-type=\"page\">\n\t\t\t\t\t\t<section class=\"elementor-section elementor-top-section elementor-element elementor-element-b99a68b elementor-section-boxed elementor-section-height-default elementor-section-height-default\" data-id=\"b99a68b\" data-element_type=\"section\" data-e-type=\"section\">\n\t\t\t\t\t\t<div class=\"elementor-container elementor-column-gap-default\">\n\t\t\t\t\t<div class=\"elementor-column elementor-col-100 elementor-top-column elementor-element elementor-element-d16bf5e\" data-id=\"d16bf5e\" data-element_type=\"column\" data-e-type=\"column\">\n\t\t\t<div class=\"elementor-widget-wrap elementor-element-populated\">\n\t\t\t\t\t\t<div class=\"elementor-element elementor-element-f3bd50f elementor-widget elementor-widget-template\" data-id=\"f3bd50f\" data-element_type=\"widget\" data-e-type=\"widget\" data-widget_type=\"template.default\">\n\t\t\t\t<div class=\"elementor-widget-container\">\n\t\t\t\t\t\t\t<div class=\"elementor-template\">\n\t\t\t\t\t<div data-elementor-type=\"archive\" data-elementor-id=\"21316\" class=\"elementor elementor-21316\" data-elementor-post-type=\"elementor_library\">\n\t\t\t\t\t<section class=\"elementor-section elementor-top-section elementor-element elementor-element-97d6eb0 elementor-section-boxed elementor-section-height-default elementor-section-height-default\" data-id=\"97d6eb0\" data-element_type=\"section\" data-e-type=\"section\" data-settings=\"{&quot;background_background&quot;:&quot;classic&quot;}\">\n\t\t\t\t\t\t<div class=\"elementor-container elementor-column-gap-default\">\n\t\t\t\t\t<div class=\"elementor-column elementor-col-100 elementor-top-column elementor-element elementor-element-c46e924\" data-id=\"c46e924\" data-element_type=\"column\" data-e-type=\"column\">\n\t\t\t<div class=\"elementor-widget-wrap elementor-element-populated\">\n\t\t\t\t\t\t<div class=\"elementor-element elementor-element-5358f40 elementor-widget elementor-widget-heading\" data-id=\"5358f40\" data-element_type=\"widget\" data-e-type=\"widget\" data-widget_type=\"heading.default\">\n\t\t\t\t<div class=\"elementor-widget-container\">\n\t\t\t\t\t<h1 class=\"elementor-heading-title elementor-size-default\">Nouvelles<\/h1>\t\t\t\t<\/div>\n\t\t\t\t<\/div>\n\t\t\t\t<div class=\"elementor-element elementor-element-1f58cb1 elementor-grid-3 elementor-grid-tablet-2 elementor-grid-mobile-1 elementor-posts--thumbnail-top elementor-posts--show-avatar elementor-card-shadow-yes elementor-posts__hover-gradient elementor-widget elementor-widget-posts\" data-id=\"1f58cb1\" data-element_type=\"widget\" data-e-type=\"widget\" data-settings=\"{&quot;cards_columns&quot;:&quot;3&quot;,&quot;cards_columns_tablet&quot;:&quot;2&quot;,&quot;cards_columns_mobile&quot;:&quot;1&quot;,&quot;cards_row_gap&quot;:{&quot;unit&quot;:&quot;px&quot;,&quot;size&quot;:35,&quot;sizes&quot;:[]},&quot;cards_row_gap_tablet&quot;:{&quot;unit&quot;:&quot;px&quot;,&quot;size&quot;:&quot;&quot;,&quot;sizes&quot;:[]},&quot;cards_row_gap_mobile&quot;:{&quot;unit&quot;:&quot;px&quot;,&quot;size&quot;:&quot;&quot;,&quot;sizes&quot;:[]}}\" data-widget_type=\"posts.cards\">\n\t\t\t\t<div class=\"elementor-widget-container\">\n\t\t\t\t\t\t\t<div class=\"elementor-posts-container elementor-posts elementor-posts--skin-cards elementor-grid\" role=\"list\">\n\t\t\t\t<article class=\"elementor-post elementor-grid-item post-22157 post type-post status-publish format-standard has-post-thumbnail hentry category-bible-engagement category-bible-literacy category-discipleship\" role=\"listitem\">\n\t\t\t<div class=\"elementor-post__card\">\n\t\t\t\t<a class=\"elementor-post__thumbnail__link\" href=\"https:\/\/biblica.ca\/fr\/news\/who-is-jesus\/\" tabindex=\"-1\" ><div class=\"elementor-post__thumbnail\"><img fetchpriority=\"high\" decoding=\"async\" width=\"300\" height=\"200\" src=\"https:\/\/biblica.ca\/wp-content\/uploads\/mountains-5819652_1280-300x200.jpg\" class=\"attachment-medium size-medium wp-image-22160\" alt=\"\" srcset=\"https:\/\/biblica.ca\/wp-content\/uploads\/mountains-5819652_1280-300x200.jpg 300w, https:\/\/biblica.ca\/wp-content\/uploads\/mountains-5819652_1280-1024x682.jpg 1024w, https:\/\/biblica.ca\/wp-content\/uploads\/mountains-5819652_1280-18x12.jpg 18w, https:\/\/biblica.ca\/wp-content\/uploads\/mountains-5819652_1280.jpg 1280w\" sizes=\"(max-width: 300px) 100vw, 300px\" \/><\/div><\/a>\n\t\t\t\t<div class=\"elementor-post__badge\">Engagement avec la Bible<\/div>\n\t\t\t\t<div class=\"elementor-post__avatar\">\n\t\t\t\t\t<\/div>\n\t\t\t\t<div class=\"elementor-post__text\">\n\t\t\t\t<h3 class=\"elementor-post__title\">\n\t\t\t<a href=\"https:\/\/biblica.ca\/fr\/news\/who-is-jesus\/\" >\n\t\t\t\tQui est J\u00e9sus?\t\t\t<\/a>\n\t\t<\/h3>\n\t\t\t\t<div class=\"elementor-post__excerpt\">\n\t\t\t<p>For over 2,000 years, the identity of Jesus has captivated, divided, and challenged people across the globe. Some call him a great teacher, others a<\/p>\n\t\t<\/div>\n\t\t\n\t\t<a class=\"elementor-post__read-more\" href=\"https:\/\/biblica.ca\/fr\/news\/who-is-jesus\/\" aria-label=\"Read more about Who is Jesus?\" tabindex=\"-1\" >\n\t\t\tCONTINUER LA LECTURE\t\t<\/a>\n\n\t\t\t\t<\/div>\n\t\t\t\t<div class=\"elementor-post__meta-data\">\n\t\t\t\t\t<span class=\"elementor-post-date\">\n\t\t\tseptembre 30, 2025\t\t<\/span>\n\t\t\t\t<span class=\"elementor-post-avatar\">\n\t\t\tPas de commentaire\t\t<\/span>\n\t\t\t\t<\/div>\n\t\t\t\t\t<\/div>\n\t\t<\/article>\n\t\t\t\t<article class=\"elementor-post elementor-grid-item post-22149 post type-post status-publish format-standard has-post-thumbnail hentry category-bible-engagement category-bible-literacy category-discipleship\" role=\"listitem\">\n\t\t\t<div class=\"elementor-post__card\">\n\t\t\t\t<a class=\"elementor-post__thumbnail__link\" href=\"https:\/\/biblica.ca\/fr\/news\/7-simple-ways-to-share-your-faith\/\" tabindex=\"-1\" ><div class=\"elementor-post__thumbnail\"><img decoding=\"async\" width=\"300\" height=\"200\" src=\"https:\/\/biblica.ca\/wp-content\/uploads\/girls-7326492_1280-300x200.jpg\" class=\"attachment-medium size-medium wp-image-22152\" alt=\"\" srcset=\"https:\/\/biblica.ca\/wp-content\/uploads\/girls-7326492_1280-300x200.jpg 300w, https:\/\/biblica.ca\/wp-content\/uploads\/girls-7326492_1280-1024x682.jpg 1024w, https:\/\/biblica.ca\/wp-content\/uploads\/girls-7326492_1280-18x12.jpg 18w, https:\/\/biblica.ca\/wp-content\/uploads\/girls-7326492_1280.jpg 1280w\" sizes=\"(max-width: 300px) 100vw, 300px\" \/><\/div><\/a>\n\t\t\t\t<div class=\"elementor-post__badge\">Engagement avec la Bible<\/div>\n\t\t\t\t<div class=\"elementor-post__avatar\">\n\t\t\t\t\t<\/div>\n\t\t\t\t<div class=\"elementor-post__text\">\n\t\t\t\t<h3 class=\"elementor-post__title\">\n\t\t\t<a href=\"https:\/\/biblica.ca\/fr\/news\/7-simple-ways-to-share-your-faith\/\" >\n\t\t\t\t7 fa\u00e7ons simples de partager sa foi\t\t\t<\/a>\n\t\t<\/h3>\n\t\t\t\t<div class=\"elementor-post__excerpt\">\n\t\t\t<p>\u201cTherefore go and make disciples of all nations, baptizing them in the name of the Father and of the Son and of the Holy Spirit\u201d<\/p>\n\t\t<\/div>\n\t\t\n\t\t<a class=\"elementor-post__read-more\" href=\"https:\/\/biblica.ca\/fr\/news\/7-simple-ways-to-share-your-faith\/\" aria-label=\"Read more about 7 simple ways to share your faith\" tabindex=\"-1\" >\n\t\t\tCONTINUER LA LECTURE\t\t<\/a>\n\n\t\t\t\t<\/div>\n\t\t\t\t<div class=\"elementor-post__meta-data\">\n\t\t\t\t\t<span class=\"elementor-post-date\">\n\t\t\tao\u00fbt 27, 2025\t\t<\/span>\n\t\t\t\t<span class=\"elementor-post-avatar\">\n\t\t\tPas de commentaire\t\t<\/span>\n\t\t\t\t<\/div>\n\t\t\t\t\t<\/div>\n\t\t<\/article>\n\t\t\t\t<article class=\"elementor-post elementor-grid-item post-22144 post type-post status-publish format-standard has-post-thumbnail hentry category-bible-engagement category-bible-literacy category-discipleship\" role=\"listitem\">\n\t\t\t<div class=\"elementor-post__card\">\n\t\t\t\t<a class=\"elementor-post__thumbnail__link\" href=\"https:\/\/biblica.ca\/fr\/news\/all-about-love\/\" tabindex=\"-1\" ><div class=\"elementor-post__thumbnail\"><img decoding=\"async\" width=\"300\" height=\"200\" src=\"https:\/\/biblica.ca\/wp-content\/uploads\/team-4529717_1280-300x200.jpg\" class=\"attachment-medium size-medium wp-image-22145\" alt=\"\" srcset=\"https:\/\/biblica.ca\/wp-content\/uploads\/team-4529717_1280-300x200.jpg 300w, https:\/\/biblica.ca\/wp-content\/uploads\/team-4529717_1280-1024x682.jpg 1024w, https:\/\/biblica.ca\/wp-content\/uploads\/team-4529717_1280-18x12.jpg 18w, https:\/\/biblica.ca\/wp-content\/uploads\/team-4529717_1280.jpg 1280w\" sizes=\"(max-width: 300px) 100vw, 300px\" \/><\/div><\/a>\n\t\t\t\t<div class=\"elementor-post__badge\">Engagement avec la Bible<\/div>\n\t\t\t\t<div class=\"elementor-post__avatar\">\n\t\t\t\t\t<\/div>\n\t\t\t\t<div class=\"elementor-post__text\">\n\t\t\t\t<h3 class=\"elementor-post__title\">\n\t\t\t<a href=\"https:\/\/biblica.ca\/fr\/news\/all-about-love\/\" >\n\t\t\t\tTout commence par l\u2019amour\t\t\t<\/a>\n\t\t<\/h3>\n\t\t\t\t<div class=\"elementor-post__excerpt\">\n\t\t\t<p>Jesus replied:\u00a0\u201c\u2018Love the Lord your God with all your heart and with all your soul and with all your mind.\u2019 This is the first and<\/p>\n\t\t<\/div>\n\t\t\n\t\t<a class=\"elementor-post__read-more\" href=\"https:\/\/biblica.ca\/fr\/news\/all-about-love\/\" aria-label=\"Read more about It\u2019s all about love\" tabindex=\"-1\" >\n\t\t\tCONTINUER LA LECTURE\t\t<\/a>\n\n\t\t\t\t<\/div>\n\t\t\t\t<div class=\"elementor-post__meta-data\">\n\t\t\t\t\t<span class=\"elementor-post-date\">\n\t\t\tjuillet 31, 2025\t\t<\/span>\n\t\t\t\t<span class=\"elementor-post-avatar\">\n\t\t\tPas de commentaire\t\t<\/span>\n\t\t\t\t<\/div>\n\t\t\t\t\t<\/div>\n\t\t<\/article>\n\t\t\t\t<article class=\"elementor-post elementor-grid-item post-22138 post type-post status-publish format-standard has-post-thumbnail hentry category-bible-engagement category-discipleship category-first-nations category-ministries\" role=\"listitem\">\n\t\t\t<div class=\"elementor-post__card\">\n\t\t\t\t<a class=\"elementor-post__thumbnail__link\" href=\"https:\/\/biblica.ca\/fr\/news\/anxiety-creeps-in\/\" tabindex=\"-1\" ><div class=\"elementor-post__thumbnail\"><img loading=\"lazy\" decoding=\"async\" width=\"300\" height=\"270\" src=\"https:\/\/biblica.ca\/wp-content\/uploads\/meditate-4882027_1280-copy-300x270.jpg\" class=\"attachment-medium size-medium wp-image-22142\" alt=\"\" srcset=\"https:\/\/biblica.ca\/wp-content\/uploads\/meditate-4882027_1280-copy-300x270.jpg 300w, https:\/\/biblica.ca\/wp-content\/uploads\/meditate-4882027_1280-copy-13x12.jpg 13w, https:\/\/biblica.ca\/wp-content\/uploads\/meditate-4882027_1280-copy.jpg 542w\" sizes=\"(max-width: 300px) 100vw, 300px\" \/><\/div><\/a>\n\t\t\t\t<div class=\"elementor-post__badge\">Engagement avec la Bible<\/div>\n\t\t\t\t<div class=\"elementor-post__avatar\">\n\t\t\t\t\t<\/div>\n\t\t\t\t<div class=\"elementor-post__text\">\n\t\t\t\t<h3 class=\"elementor-post__title\">\n\t\t\t<a href=\"https:\/\/biblica.ca\/fr\/news\/anxiety-creeps-in\/\" >\n\t\t\t\tQuand l\u2019anxi\u00e9t\u00e9 s\u2019invite dans nos vies\t\t\t<\/a>\n\t\t<\/h3>\n\t\t\t\t<div class=\"elementor-post__excerpt\">\n\t\t\t<p>Le r\u00e9veil sonne. \u00c0 peine les yeux ouverts qu\u2019on se sent d\u00e9j\u00e0 submerg\u00e9s. Tout semble vouloir nous bousculer : la routine matinale avec les enfants, le trafic, les notifications incessantes, les \u00e9ch\u00e9ances \u00e0 respecter.<\/p>\n\t\t<\/div>\n\t\t\n\t\t<a class=\"elementor-post__read-more\" href=\"https:\/\/biblica.ca\/fr\/news\/anxiety-creeps-in\/\" aria-label=\"Read more about When anxiety creeps into our lives\" tabindex=\"-1\" >\n\t\t\tCONTINUER LA LECTURE\t\t<\/a>\n\n\t\t\t\t<\/div>\n\t\t\t\t<div class=\"elementor-post__meta-data\">\n\t\t\t\t\t<span class=\"elementor-post-date\">\n\t\t\tavril 29, 2025\t\t<\/span>\n\t\t\t\t<span class=\"elementor-post-avatar\">\n\t\t\tPas de commentaire\t\t<\/span>\n\t\t\t\t<\/div>\n\t\t\t\t\t<\/div>\n\t\t<\/article>\n\t\t\t\t<article class=\"elementor-post elementor-grid-item post-22123 post type-post status-publish format-standard has-post-thumbnail hentry category-bible-engagement category-bible-literacy category-discipleship category-ministries\" role=\"listitem\">\n\t\t\t<div class=\"elementor-post__card\">\n\t\t\t\t<a class=\"elementor-post__thumbnail__link\" href=\"https:\/\/biblica.ca\/fr\/news\/preparing-for-easter\/\" tabindex=\"-1\" ><div class=\"elementor-post__thumbnail\"><img loading=\"lazy\" decoding=\"async\" width=\"300\" height=\"265\" src=\"https:\/\/biblica.ca\/wp-content\/uploads\/faith-2597190_1280-copy-300x265.jpg\" class=\"attachment-medium size-medium wp-image-22137\" alt=\"\" srcset=\"https:\/\/biblica.ca\/wp-content\/uploads\/faith-2597190_1280-copy-300x265.jpg 300w, https:\/\/biblica.ca\/wp-content\/uploads\/faith-2597190_1280-copy-14x12.jpg 14w, https:\/\/biblica.ca\/wp-content\/uploads\/faith-2597190_1280-copy.jpg 853w\" sizes=\"(max-width: 300px) 100vw, 300px\" \/><\/div><\/a>\n\t\t\t\t<div class=\"elementor-post__badge\">Engagement avec la Bible<\/div>\n\t\t\t\t<div class=\"elementor-post__avatar\">\n\t\t\t\t\t<\/div>\n\t\t\t\t<div class=\"elementor-post__text\">\n\t\t\t\t<h3 class=\"elementor-post__title\">\n\t\t\t<a href=\"https:\/\/biblica.ca\/fr\/news\/preparing-for-easter\/\" >\n\t\t\t\tEn attendant P\u00e2ques\t\t\t<\/a>\n\t\t<\/h3>\n\t\t\t\t<div class=\"elementor-post__excerpt\">\n\t\t\t<p>Edit Column<br \/>\nAu cours des derni\u00e8res ann\u00e9es, Biblica Canada a \u0153uvr\u00e9 avec une \u00e9quipe de r\u00e9dacteurs chr\u00e9tiens et d\u2019\u00e9glises partenaires afin d\u2019offrir un tout nouvel outil aux chr\u00e9tiens francophones du Canada : le programme Alpha Om\u00e9ga.<\/p>\n\t\t<\/div>\n\t\t\n\t\t<a class=\"elementor-post__read-more\" href=\"https:\/\/biblica.ca\/fr\/news\/preparing-for-easter\/\" aria-label=\"Read more about Preparing for Easter\" tabindex=\"-1\" >\n\t\t\tCONTINUER LA LECTURE\t\t<\/a>\n\n\t\t\t\t<\/div>\n\t\t\t\t<div class=\"elementor-post__meta-data\">\n\t\t\t\t\t<span class=\"elementor-post-date\">\n\t\t\tmars 31, 2025\t\t<\/span>\n\t\t\t\t<span class=\"elementor-post-avatar\">\n\t\t\tPas de commentaire\t\t<\/span>\n\t\t\t\t<\/div>\n\t\t\t\t\t<\/div>\n\t\t<\/article>\n\t\t\t\t<article class=\"elementor-post elementor-grid-item post-22072 post type-post status-publish format-standard has-post-thumbnail hentry category-bible-engagement category-bible-literacy category-discipleship\" role=\"listitem\">\n\t\t\t<div class=\"elementor-post__card\">\n\t\t\t\t<a class=\"elementor-post__thumbnail__link\" href=\"https:\/\/biblica.ca\/fr\/news\/a-tool-to-nourish-our-faith\/\" tabindex=\"-1\" ><div class=\"elementor-post__thumbnail\"><img loading=\"lazy\" decoding=\"async\" width=\"169\" height=\"300\" src=\"https:\/\/biblica.ca\/wp-content\/uploads\/Story-2-169x300.jpg\" class=\"attachment-medium size-medium wp-image-22073\" alt=\"\" srcset=\"https:\/\/biblica.ca\/wp-content\/uploads\/Story-2-169x300.jpg 169w, https:\/\/biblica.ca\/wp-content\/uploads\/Story-2-576x1024.jpg 576w, https:\/\/biblica.ca\/wp-content\/uploads\/Story-2-864x1536.jpg 864w, https:\/\/biblica.ca\/wp-content\/uploads\/Story-2-1152x2048.jpg 1152w, https:\/\/biblica.ca\/wp-content\/uploads\/Story-2-7x12.jpg 7w, https:\/\/biblica.ca\/wp-content\/uploads\/Story-2-scaled.jpg 1440w\" sizes=\"(max-width: 169px) 100vw, 169px\" \/><\/div><\/a>\n\t\t\t\t<div class=\"elementor-post__badge\">Engagement avec la Bible<\/div>\n\t\t\t\t<div class=\"elementor-post__avatar\">\n\t\t\t\t\t<\/div>\n\t\t\t\t<div class=\"elementor-post__text\">\n\t\t\t\t<h3 class=\"elementor-post__title\">\n\t\t\t<a href=\"https:\/\/biblica.ca\/fr\/news\/a-tool-to-nourish-our-faith\/\" >\n\t\t\t\tUn outil pour nourrir notre foi\t\t\t<\/a>\n\t\t<\/h3>\n\t\t\t\t<div class=\"elementor-post__excerpt\">\n\t\t\t<p>Edit Column<br \/>\nAu cours des derni\u00e8res ann\u00e9es, Biblica Canada a \u0153uvr\u00e9 avec une \u00e9quipe de r\u00e9dacteurs chr\u00e9tiens et d\u2019\u00e9glises partenaires afin d\u2019offrir un tout nouvel outil aux chr\u00e9tiens francophones du Canada : le programme Alpha Om\u00e9ga.<\/p>\n\t\t<\/div>\n\t\t\n\t\t<a class=\"elementor-post__read-more\" href=\"https:\/\/biblica.ca\/fr\/news\/a-tool-to-nourish-our-faith\/\" aria-label=\"Read more about A tool to nourish our faith\" tabindex=\"-1\" >\n\t\t\tCONTINUER LA LECTURE\t\t<\/a>\n\n\t\t\t\t<\/div>\n\t\t\t\t<div class=\"elementor-post__meta-data\">\n\t\t\t\t\t<span class=\"elementor-post-date\">\n\t\t\tf\u00e9vrier 26, 2025\t\t<\/span>\n\t\t\t\t<span class=\"elementor-post-avatar\">\n\t\t\tPas de commentaire\t\t<\/span>\n\t\t\t\t<\/div>\n\t\t\t\t\t<\/div>\n\t\t<\/article>\n\t\t\t\t<\/div>\n\t\t\n\t\t\t\t\t\t<\/div>\n\t\t\t\t<\/div>\n\t\t\t\t\t<\/div>\n\t\t<\/div>\n\t\t\t\t\t<\/div>\n\t\t<\/section>\n\t\t\t\t<\/div>\n\t\t\t\t<\/div>\n\t\t\t\t\t\t<\/div>\n\t\t\t\t<\/div>\n\t\t\t\t\t<\/div>\n\t\t<\/div>\n\t\t\t\t\t<\/div>\n\t\t<\/section>\n\t\t\t\t<\/div>","protected":false},"excerpt":{"rendered":"","protected":false},"author":3,"featured_media":0,"parent":0,"menu_order":40,"comment_status":"closed","ping_status":"closed","template":"elementor_header_footer","meta":{"inline_featured_image":false,"footnotes":""},"class_list":["post-349","page","type-page","status-publish","hentry"],"yoast_head":"<!-- This site is optimized with the Yoast SEO plugin v27.4 - https:\/\/yoast.com\/product\/yoast-seo-wordpress\/ -->\n<title>Blog | Biblica Canada<\/title>\n<meta name=\"description\" content=\"Biblica Canada | Articles, reading plans, news, stories, ministries and more\" \/>\n<meta name=\"robots\" content=\"index, follow, max-snippet:-1, max-image-preview:large, max-video-preview:-1\" \/>\n<link rel=\"canonical\" href=\"https:\/\/biblica.ca\/fr\/news\/\" \/>\n<script type=\"application\/ld+json\" class=\"yoast-schema-graph\">{\"@context\":\"https:\\\/\\\/schema.org\",\"@graph\":[{\"@type\":\"WebPage\",\"@id\":\"https:\\\/\\\/biblica.ca\\\/fr\\\/news\\\/\",\"url\":\"https:\\\/\\\/biblica.ca\\\/fr\\\/news\\\/\",\"name\":\"Blog | Biblica Canada\",\"isPartOf\":{\"@id\":\"https:\\\/\\\/biblica.ca\\\/#website\"},\"datePublished\":\"2016-06-07T20:08:30+00:00\",\"dateModified\":\"2025-03-31T18:57:01+00:00\",\"description\":\"Biblica Canada | Articles, reading plans, news, stories, ministries and more\",\"inLanguage\":\"fr-CA\",\"potentialAction\":[{\"@type\":\"ReadAction\",\"target\":[\"https:\\\/\\\/biblica.ca\\\/fr\\\/news\\\/\"]}]},{\"@type\":\"WebSite\",\"@id\":\"https:\\\/\\\/biblica.ca\\\/#website\",\"url\":\"https:\\\/\\\/biblica.ca\\\/\",\"name\":\"Biblica Canada\",\"description\":\"\",\"publisher\":{\"@id\":\"https:\\\/\\\/biblica.ca\\\/#organization\"},\"potentialAction\":[{\"@type\":\"SearchAction\",\"target\":{\"@type\":\"EntryPoint\",\"urlTemplate\":\"https:\\\/\\\/biblica.ca\\\/?s={search_term_string}\"},\"query-input\":{\"@type\":\"PropertyValueSpecification\",\"valueRequired\":true,\"valueName\":\"search_term_string\"}}],\"inLanguage\":\"fr-CA\"},{\"@type\":\"Organization\",\"@id\":\"https:\\\/\\\/biblica.ca\\\/#organization\",\"name\":\"Biblica Canada\",\"url\":\"https:\\\/\\\/biblica.ca\\\/\",\"logo\":{\"@type\":\"ImageObject\",\"inLanguage\":\"fr-CA\",\"@id\":\"https:\\\/\\\/biblica.ca\\\/#\\\/schema\\\/logo\\\/image\\\/\",\"url\":\"https:\\\/\\\/biblica.ca\\\/wp-content\\\/uploads\\\/biblica_logo_blue.svg\",\"contentUrl\":\"https:\\\/\\\/biblica.ca\\\/wp-content\\\/uploads\\\/biblica_logo_blue.svg\",\"width\":108,\"height\":102,\"caption\":\"Biblica Canada\"},\"image\":{\"@id\":\"https:\\\/\\\/biblica.ca\\\/#\\\/schema\\\/logo\\\/image\\\/\"},\"sameAs\":[\"http:\\\/\\\/www.facebook.com\\\/biblica\",\"http:\\\/\\\/instagram.com\\\/biblicacanada\"]}]}<\/script>\n<!-- \/ Yoast SEO plugin. -->","yoast_head_json":{"title":"Blog | Biblica Canada","description":"Biblica Canada | Articles, reading plans, news, stories, ministries and more","robots":{"index":"index","follow":"follow","max-snippet":"max-snippet:-1","max-image-preview":"max-image-preview:large","max-video-preview":"max-video-preview:-1"},"canonical":"https:\/\/biblica.ca\/fr\/news\/","schema":{"@context":"https:\/\/schema.org","@graph":[{"@type":"WebPage","@id":"https:\/\/biblica.ca\/fr\/news\/","url":"https:\/\/biblica.ca\/fr\/news\/","name":"Blog | Biblica Canada","isPartOf":{"@id":"https:\/\/biblica.ca\/#website"},"datePublished":"2016-06-07T20:08:30+00:00","dateModified":"2025-03-31T18:57:01+00:00","description":"Biblica Canada | Articles, reading plans, news, stories, ministries and more","inLanguage":"fr-CA","potentialAction":[{"@type":"ReadAction","target":["https:\/\/biblica.ca\/fr\/news\/"]}]},{"@type":"WebSite","@id":"https:\/\/biblica.ca\/#website","url":"https:\/\/biblica.ca\/","name":"Biblica Canada","description":"","publisher":{"@id":"https:\/\/biblica.ca\/#organization"},"potentialAction":[{"@type":"SearchAction","target":{"@type":"EntryPoint","urlTemplate":"https:\/\/biblica.ca\/?s={search_term_string}"},"query-input":{"@type":"PropertyValueSpecification","valueRequired":true,"valueName":"search_term_string"}}],"inLanguage":"fr-CA"},{"@type":"Organization","@id":"https:\/\/biblica.ca\/#organization","name":"Biblica Canada","url":"https:\/\/biblica.ca\/","logo":{"@type":"ImageObject","inLanguage":"fr-CA","@id":"https:\/\/biblica.ca\/#\/schema\/logo\/image\/","url":"https:\/\/biblica.ca\/wp-content\/uploads\/biblica_logo_blue.svg","contentUrl":"https:\/\/biblica.ca\/wp-content\/uploads\/biblica_logo_blue.svg","width":108,"height":102,"caption":"Biblica Canada"},"image":{"@id":"https:\/\/biblica.ca\/#\/schema\/logo\/image\/"},"sameAs":["http:\/\/www.facebook.com\/biblica","http:\/\/instagram.com\/biblicacanada"]}]}},"_links":{"self":[{"href":"https:\/\/biblica.ca\/fr\/wp-json\/wp\/v2\/pages\/349","targetHints":{"allow":["GET"]}}],"collection":[{"href":"https:\/\/biblica.ca\/fr\/wp-json\/wp\/v2\/pages"}],"about":[{"href":"https:\/\/biblica.ca\/fr\/wp-json\/wp\/v2\/types\/page"}],"author":[{"embeddable":true,"href":"https:\/\/biblica.ca\/fr\/wp-json\/wp\/v2\/users\/3"}],"replies":[{"embeddable":true,"href":"https:\/\/biblica.ca\/fr\/wp-json\/wp\/v2\/comments?post=349"}],"version-history":[{"count":53,"href":"https:\/\/biblica.ca\/fr\/wp-json\/wp\/v2\/pages\/349\/revisions"}],"predecessor-version":[{"id":21812,"href":"https:\/\/biblica.ca\/fr\/wp-json\/wp\/v2\/pages\/349\/revisions\/21812"}],"wp:attachment":[{"href":"https:\/\/biblica.ca\/fr\/wp-json\/wp\/v2\/media?parent=349"}],"curies":[{"name":"wp","href":"https:\/\/api.w.org\/{rel}","templated":true}]}}