{"id":21977,"date":"2024-09-23T12:08:46","date_gmt":"2024-09-23T16:08:46","guid":{"rendered":"https:\/\/biblica.ca\/?page_id=21977"},"modified":"2025-03-25T11:24:53","modified_gmt":"2025-03-25T15:24:53","slug":"alphaomega","status":"publish","type":"page","link":"https:\/\/biblica.ca\/fr\/alphaomega\/","title":{"rendered":"Programme Alpha Om\u00e9ga"},"content":{"rendered":"<div data-elementor-type=\"wp-page\" data-elementor-id=\"21977\" class=\"elementor elementor-21977\" data-elementor-post-type=\"page\">\n\t\t\t\t\t\t<section class=\"elementor-section elementor-top-section elementor-element elementor-element-8c4e6c2 elementor-section-boxed elementor-section-height-default elementor-section-height-default\" data-id=\"8c4e6c2\" data-element_type=\"section\" data-e-type=\"section\">\n\t\t\t\t\t\t<div class=\"elementor-container elementor-column-gap-default\">\n\t\t\t\t\t<div class=\"elementor-column elementor-col-100 elementor-top-column elementor-element elementor-element-6261c73\" data-id=\"6261c73\" data-element_type=\"column\" data-e-type=\"column\">\n\t\t\t<div class=\"elementor-widget-wrap elementor-element-populated\">\n\t\t\t\t\t\t<div class=\"elementor-element elementor-element-eb9ae9e elementor-widget elementor-widget-image\" data-id=\"eb9ae9e\" data-element_type=\"widget\" data-e-type=\"widget\" data-widget_type=\"image.default\">\n\t\t\t\t<div class=\"elementor-widget-container\">\n\t\t\t\t\t\t\t\t\t\t\t\t\t\t\t<img fetchpriority=\"high\" decoding=\"async\" width=\"1881\" height=\"1297\" src=\"https:\/\/biblica.ca\/wp-content\/uploads\/ALL-device-scaled-e1727106964117.jpg\" class=\"attachment-full size-full wp-image-21979\" alt=\"Alpha Omega\" srcset=\"https:\/\/biblica.ca\/wp-content\/uploads\/ALL-device-scaled-e1727106964117.jpg 1881w, https:\/\/biblica.ca\/wp-content\/uploads\/ALL-device-scaled-e1727106964117-300x207.jpg 300w, https:\/\/biblica.ca\/wp-content\/uploads\/ALL-device-scaled-e1727106964117-1024x706.jpg 1024w, https:\/\/biblica.ca\/wp-content\/uploads\/ALL-device-scaled-e1727106964117-1536x1059.jpg 1536w, https:\/\/biblica.ca\/wp-content\/uploads\/ALL-device-scaled-e1727106964117-18x12.jpg 18w\" sizes=\"(max-width: 1881px) 100vw, 1881px\" \/>\t\t\t\t\t\t\t\t\t\t\t\t\t\t\t<\/div>\n\t\t\t\t<\/div>\n\t\t\t\t\t<\/div>\n\t\t<\/div>\n\t\t\t\t\t<\/div>\n\t\t<\/section>\n\t\t\t\t<section class=\"elementor-section elementor-top-section elementor-element elementor-element-88d4498 elementor-section-boxed elementor-section-height-default elementor-section-height-default\" data-id=\"88d4498\" data-element_type=\"section\" data-e-type=\"section\">\n\t\t\t\t\t\t<div class=\"elementor-container elementor-column-gap-default\">\n\t\t\t\t\t<div class=\"elementor-column elementor-col-100 elementor-top-column elementor-element elementor-element-7a0a9c9\" data-id=\"7a0a9c9\" data-element_type=\"column\" data-e-type=\"column\">\n\t\t\t<div class=\"elementor-widget-wrap elementor-element-populated\">\n\t\t\t\t\t\t<div class=\"elementor-element elementor-element-043f1f5 elementor-widget elementor-widget-heading\" data-id=\"043f1f5\" data-element_type=\"widget\" data-e-type=\"widget\" data-widget_type=\"heading.default\">\n\t\t\t\t<div class=\"elementor-widget-container\">\n\t\t\t\t\t<h2 class=\"elementor-heading-title elementor-size-default\"><span class=\"elementor-heading-title elementor-size-default elementor-inline-editing pen\" data-elementor-setting-key=\"title\" data-pen-placeholder=\"Type Here...\" style=\"font-weight: var( --e-global-typography-primary-font-weight );font-size: 2rem;text-transform: none\">POUR APPRENDRE \u00c0 LIRE LA BIBLE. ET LE FAIRE EN GROUPE.<\/span><\/h2>\t\t\t\t<\/div>\n\t\t\t\t<\/div>\n\t\t\t\t<div class=\"elementor-element elementor-element-7ea371a elementor-widget elementor-widget-text-editor\" data-id=\"7ea371a\" data-element_type=\"widget\" data-e-type=\"widget\" data-widget_type=\"text-editor.default\">\n\t\t\t\t<div class=\"elementor-widget-container\">\n\t\t\t\t\t\t\t\t\t<p class=\"translation-block\">Le programme Alpha Omega existe pour aider les gens \u2014 croyants ou non<span style=\"font-family: var( --e-global-typography-text-font-family ), Sans-serif;font-size: 1rem\">\u2014<\/span><span style=\"font-family: var( --e-global-typography-text-font-family ), Sans-serif;font-size: 1rem\"> \u00e0 s\u2019engager dans la lecture de la Bible d\u2019une mani\u00e8re plus efficace et plus pertinente. Gr\u00e2ce \u00e0 Alpha Omega, les lecteurs peuvent approfondir leurs connaissances sur la Bible, d\u00e9velopper un go\u00fbt pour la sagesse qu\u2019elle contient et grandir en communaut\u00e9 en se joignant un groupe de discussion. Ensemble, les participants d\u00e9couvrent la parole de Dieu et partagent connaissances, exp\u00e9riences et t\u00e9moignages pour grandir ensemble et guider leur foi.<\/p><p>Le programme Alpha Om\u00e9ga n'est offert qu'en fran\u00e7ais pour le moment.<\/p>\t\t\t\t\t\t\t\t<\/div>\n\t\t\t\t<\/div>\n\t\t\t\t<div class=\"elementor-element elementor-element-957fe33 elementor-widget elementor-widget-heading\" data-id=\"957fe33\" data-element_type=\"widget\" data-e-type=\"widget\" data-widget_type=\"heading.default\">\n\t\t\t\t<div class=\"elementor-widget-container\">\n\t\t\t\t\t<h3 class=\"elementor-heading-title elementor-size-default\">Qu'est-ce que le programme Alpha Om\u00e9ga?<\/h3>\t\t\t\t<\/div>\n\t\t\t\t<\/div>\n\t\t\t\t<div class=\"elementor-element elementor-element-44a268f elementor-widget elementor-widget-text-editor\" data-id=\"44a268f\" data-element_type=\"widget\" data-e-type=\"widget\" data-widget_type=\"text-editor.default\">\n\t\t\t\t<div class=\"elementor-widget-container\">\n\t\t\t\t\t\t\t\t\t<p>Le guide Alpha Om\u00e9ga de Biblica Canada initie les nouveaux croyants \u00e0 la lecture de la Bible dans un format agr\u00e9able, plaisant et pertinent. Il se veut une sorte de catalyseur pour une relation croissante avec Christ et une curiosit\u00e9 qui se transforme en un engagement soutenu envers Dieu et la Bible.<\/p>\t\t\t\t\t\t\t\t<\/div>\n\t\t\t\t<\/div>\n\t\t\t\t<section class=\"elementor-section elementor-inner-section elementor-element elementor-element-c2cdd18 elementor-section-boxed elementor-section-height-default elementor-section-height-default\" data-id=\"c2cdd18\" data-element_type=\"section\" data-e-type=\"section\">\n\t\t\t\t\t\t<div class=\"elementor-container elementor-column-gap-default\">\n\t\t\t\t\t<div class=\"elementor-column elementor-col-50 elementor-inner-column elementor-element elementor-element-24901c6\" data-id=\"24901c6\" data-element_type=\"column\" data-e-type=\"column\">\n\t\t\t<div class=\"elementor-widget-wrap elementor-element-populated\">\n\t\t\t\t\t\t<div class=\"elementor-element elementor-element-c65be14 elementor-widget elementor-widget-image\" data-id=\"c65be14\" data-element_type=\"widget\" data-e-type=\"widget\" data-widget_type=\"image.default\">\n\t\t\t\t<div class=\"elementor-widget-container\">\n\t\t\t\t\t\t\t\t\t\t\t\t\t\t\t<img fetchpriority=\"high\" decoding=\"async\" width=\"1881\" height=\"1297\" src=\"https:\/\/biblica.ca\/wp-content\/uploads\/ALL-device-scaled-e1727106964117.jpg\" class=\"attachment-full size-full wp-image-21979\" alt=\"Alpha Omega\" srcset=\"https:\/\/biblica.ca\/wp-content\/uploads\/ALL-device-scaled-e1727106964117.jpg 1881w, https:\/\/biblica.ca\/wp-content\/uploads\/ALL-device-scaled-e1727106964117-300x207.jpg 300w, https:\/\/biblica.ca\/wp-content\/uploads\/ALL-device-scaled-e1727106964117-1024x706.jpg 1024w, https:\/\/biblica.ca\/wp-content\/uploads\/ALL-device-scaled-e1727106964117-1536x1059.jpg 1536w, https:\/\/biblica.ca\/wp-content\/uploads\/ALL-device-scaled-e1727106964117-18x12.jpg 18w\" sizes=\"(max-width: 1881px) 100vw, 1881px\" \/>\t\t\t\t\t\t\t\t\t\t\t\t\t\t\t<\/div>\n\t\t\t\t<\/div>\n\t\t\t\t<div class=\"elementor-element elementor-element-f4f0ea9 elementor-widget elementor-widget-heading\" data-id=\"f4f0ea9\" data-element_type=\"widget\" data-e-type=\"widget\" data-widget_type=\"heading.default\">\n\t\t\t\t<div class=\"elementor-widget-container\">\n\t\t\t\t\t<h4 class=\"elementor-heading-title elementor-size-default\">Une exp\u00e9rience communautaire et moderne<\/h4>\t\t\t\t<\/div>\n\t\t\t\t<\/div>\n\t\t\t\t<div class=\"elementor-element elementor-element-77736e1 elementor-widget elementor-widget-text-editor\" data-id=\"77736e1\" data-element_type=\"widget\" data-e-type=\"widget\" data-widget_type=\"text-editor.default\">\n\t\t\t\t<div class=\"elementor-widget-container\">\n\t\t\t\t\t\t\t\t\t<p class=\"translation-block\">\u00c0 travers une s\u00e9rie de 52 sujets, Alpha Om\u00e9ga vous accompagne dans la lecture de la Bible du Semeur et se veut une ressource pr\u00e9cieuse pour tout nouveau lecteur ou toute personne qui s\u2019int\u00e9resse \u00e0 la foi chr\u00e9tienne et qui d\u00e9sire rendre sa lecture de la Bible plus efficace et pertinente.<\/p><p>Le programme Alpha Om\u00e9ga a \u00e9t\u00e9 cr\u00e9\u00e9 pour accompagner la Bible du Semeur et s'adresse \u00e0 toutes les personnes qui d\u00e9sirent mieux comprendre comment lire la Bible et grandir dans leur foi.<\/p>\t\t\t\t\t\t\t\t<\/div>\n\t\t\t\t<\/div>\n\t\t\t\t\t<\/div>\n\t\t<\/div>\n\t\t\t\t<div class=\"elementor-column elementor-col-50 elementor-inner-column elementor-element elementor-element-056878c\" data-id=\"056878c\" data-element_type=\"column\" data-e-type=\"column\">\n\t\t\t<div class=\"elementor-widget-wrap elementor-element-populated\">\n\t\t\t\t\t\t<div class=\"elementor-element elementor-element-77b49cf elementor-widget elementor-widget-image\" data-id=\"77b49cf\" data-element_type=\"widget\" data-e-type=\"widget\" data-widget_type=\"image.default\">\n\t\t\t\t<div class=\"elementor-widget-container\">\n\t\t\t\t\t\t\t\t\t\t\t\t\t\t\t<img decoding=\"async\" width=\"2560\" height=\"1707\" src=\"https:\/\/biblica.ca\/wp-content\/uploads\/Open_Book_Paperback_Mockup-copie-scaled.jpg\" class=\"attachment-full size-full wp-image-21982\" alt=\"\" srcset=\"https:\/\/biblica.ca\/wp-content\/uploads\/Open_Book_Paperback_Mockup-copie-scaled.jpg 2560w, https:\/\/biblica.ca\/wp-content\/uploads\/Open_Book_Paperback_Mockup-copie-300x200.jpg 300w, https:\/\/biblica.ca\/wp-content\/uploads\/Open_Book_Paperback_Mockup-copie-1024x683.jpg 1024w, https:\/\/biblica.ca\/wp-content\/uploads\/Open_Book_Paperback_Mockup-copie-1536x1024.jpg 1536w, https:\/\/biblica.ca\/wp-content\/uploads\/Open_Book_Paperback_Mockup-copie-2048x1365.jpg 2048w, https:\/\/biblica.ca\/wp-content\/uploads\/Open_Book_Paperback_Mockup-copie-18x12.jpg 18w\" sizes=\"(max-width: 2560px) 100vw, 2560px\" \/>\t\t\t\t\t\t\t\t\t\t\t\t\t\t\t<\/div>\n\t\t\t\t<\/div>\n\t\t\t\t<div class=\"elementor-element elementor-element-f1600b0 elementor-widget elementor-widget-heading\" data-id=\"f1600b0\" data-element_type=\"widget\" data-e-type=\"widget\" data-widget_type=\"heading.default\">\n\t\t\t\t<div class=\"elementor-widget-container\">\n\t\t\t\t\t<h4 class=\"elementor-heading-title elementor-size-default\"><span class=\"elementor-heading-title elementor-size-default elementor-inline-editing pen\" data-elementor-setting-key=\"title\" data-pen-placeholder=\"Type Here...\" style=\"font-size: 1.5rem\">Guide personnel Alpha Om\u00e9ga<\/span><\/h4>\t\t\t\t<\/div>\n\t\t\t\t<\/div>\n\t\t\t\t<div class=\"elementor-element elementor-element-b33eae6 elementor-widget elementor-widget-text-editor\" data-id=\"b33eae6\" data-element_type=\"widget\" data-e-type=\"widget\" data-widget_type=\"text-editor.default\">\n\t\t\t\t<div class=\"elementor-widget-container\">\n\t\t\t\t\t\t\t\t\t<p>Chaque participant re\u00e7oit un guide imprim\u00e9 qui pr\u00e9sente une vari\u00e9t\u00e9 de sujets sur Dieu, la foi et la Bible. Des personnages cl\u00e9s aux fondements de la foi chr\u00e9tienne en passant par des t\u00e9moignages personnels, Alpha Om\u00e9ga d\u00e9sire susciter la foi, les questions et les discussions. Une version num\u00e9rique est disponible pour les participants qui pr\u00e9f\u00e8rent lire en ligne.<\/p>\t\t\t\t\t\t\t\t<\/div>\n\t\t\t\t<\/div>\n\t\t\t\t\t<\/div>\n\t\t<\/div>\n\t\t\t\t\t<\/div>\n\t\t<\/section>\n\t\t\t\t<section class=\"elementor-section elementor-inner-section elementor-element elementor-element-eb9c104 elementor-section-boxed elementor-section-height-default elementor-section-height-default\" data-id=\"eb9c104\" data-element_type=\"section\" data-e-type=\"section\">\n\t\t\t\t\t\t<div class=\"elementor-container elementor-column-gap-default\">\n\t\t\t\t\t<div class=\"elementor-column elementor-col-50 elementor-inner-column elementor-element elementor-element-c674cbd\" data-id=\"c674cbd\" data-element_type=\"column\" data-e-type=\"column\">\n\t\t\t<div class=\"elementor-widget-wrap elementor-element-populated\">\n\t\t\t\t\t\t<div class=\"elementor-element elementor-element-16f2e07 elementor-widget elementor-widget-image\" data-id=\"16f2e07\" data-element_type=\"widget\" data-e-type=\"widget\" data-widget_type=\"image.default\">\n\t\t\t\t<div class=\"elementor-widget-container\">\n\t\t\t\t\t\t\t\t\t\t\t\t\t\t\t<img decoding=\"async\" width=\"680\" height=\"869\" src=\"https:\/\/biblica.ca\/wp-content\/uploads\/Screenshot-2024-09-23-at-11.06.54-AM.png\" class=\"attachment-full size-full wp-image-21986\" alt=\"\" srcset=\"https:\/\/biblica.ca\/wp-content\/uploads\/Screenshot-2024-09-23-at-11.06.54-AM.png 680w, https:\/\/biblica.ca\/wp-content\/uploads\/Screenshot-2024-09-23-at-11.06.54-AM-235x300.png 235w, https:\/\/biblica.ca\/wp-content\/uploads\/Screenshot-2024-09-23-at-11.06.54-AM-9x12.png 9w\" sizes=\"(max-width: 680px) 100vw, 680px\" \/>\t\t\t\t\t\t\t\t\t\t\t\t\t\t\t<\/div>\n\t\t\t\t<\/div>\n\t\t\t\t<div class=\"elementor-element elementor-element-6a08e17 elementor-widget elementor-widget-heading\" data-id=\"6a08e17\" data-element_type=\"widget\" data-e-type=\"widget\" data-widget_type=\"heading.default\">\n\t\t\t\t<div class=\"elementor-widget-container\">\n\t\t\t\t\t<h4 class=\"elementor-heading-title elementor-size-default\">Groupe de discussion pour petit groupe<\/h4>\t\t\t\t<\/div>\n\t\t\t\t<\/div>\n\t\t\t\t<div class=\"elementor-element elementor-element-969775d elementor-widget elementor-widget-text-editor\" data-id=\"969775d\" data-element_type=\"widget\" data-e-type=\"widget\" data-widget_type=\"text-editor.default\">\n\t\t\t\t<div class=\"elementor-widget-container\">\n\t\t\t\t\t\t\t\t\t<p>Le guide de discussion Alpha Om\u00e9ga a \u00e9t\u00e9 con\u00e7u pour accompagner le guide personnel et approfondir les 52 sujets qui y sont abord\u00e9s \u00e0 l\u2019aide de questions, d\u2019applications et de pri\u00e8res, et ce, au rythme et dans l\u2019ordre que le groupe choisit. (Offert en fran\u00e7ais en version num\u00e9rique seulement.)<\/p><p>\u00a0<\/p>\t\t\t\t\t\t\t\t<\/div>\n\t\t\t\t<\/div>\n\t\t\t\t\t<\/div>\n\t\t<\/div>\n\t\t\t\t<div class=\"elementor-column elementor-col-50 elementor-inner-column elementor-element elementor-element-a3c85eb\" data-id=\"a3c85eb\" data-element_type=\"column\" data-e-type=\"column\">\n\t\t\t<div class=\"elementor-widget-wrap elementor-element-populated\">\n\t\t\t\t\t\t<div class=\"elementor-element elementor-element-e972ffb elementor-widget elementor-widget-image\" data-id=\"e972ffb\" data-element_type=\"widget\" data-e-type=\"widget\" data-widget_type=\"image.default\">\n\t\t\t\t<div class=\"elementor-widget-container\">\n\t\t\t\t\t\t\t\t\t\t\t\t\t\t\t<img loading=\"lazy\" decoding=\"async\" width=\"563\" height=\"697\" src=\"https:\/\/biblica.ca\/wp-content\/uploads\/Screenshot-2024-09-23-at-11.07.48-AM-e1727106858227.png\" class=\"attachment-full size-full wp-image-21985\" alt=\"\" srcset=\"https:\/\/biblica.ca\/wp-content\/uploads\/Screenshot-2024-09-23-at-11.07.48-AM-e1727106858227.png 563w, https:\/\/biblica.ca\/wp-content\/uploads\/Screenshot-2024-09-23-at-11.07.48-AM-e1727106858227-242x300.png 242w, https:\/\/biblica.ca\/wp-content\/uploads\/Screenshot-2024-09-23-at-11.07.48-AM-e1727106858227-10x12.png 10w\" sizes=\"(max-width: 563px) 100vw, 563px\" \/>\t\t\t\t\t\t\t\t\t\t\t\t\t\t\t<\/div>\n\t\t\t\t<\/div>\n\t\t\t\t<div class=\"elementor-element elementor-element-acbb39c elementor-widget elementor-widget-heading\" data-id=\"acbb39c\" data-element_type=\"widget\" data-e-type=\"widget\" data-widget_type=\"heading.default\">\n\t\t\t\t<div class=\"elementor-widget-container\">\n\t\t\t\t\t<h4 class=\"elementor-heading-title elementor-size-default\">Des ressources pour \u00e9quiper les animateurs<\/h4>\t\t\t\t<\/div>\n\t\t\t\t<\/div>\n\t\t\t\t<div class=\"elementor-element elementor-element-08139e9 elementor-widget elementor-widget-text-editor\" data-id=\"08139e9\" data-element_type=\"widget\" data-e-type=\"widget\" data-widget_type=\"text-editor.default\">\n\t\t\t\t<div class=\"elementor-widget-container\">\n\t\t\t\t\t\t\t\t\t<p>Le guide d\u2019animation Alpha Om\u00e9ga fournit aux animateurs de groupe les ressources dont ils ont besoin pour accompagner avec confiance leur groupe dans des conversations fructueuses. Les animateurs (qu\u2019ils soient d\u00e9butants et exp\u00e9riment\u00e9s) peuvent y apprendre comment cr\u00e9er une atmosph\u00e8re propice \u00e0 la conversation, y trouver des conseils pour encourager la r\u00e9flexion et y d\u00e9couvrir des strat\u00e9gies pour assurer la participation de tous. (Offert en fran\u00e7ais en version num\u00e9rique uniquement.)<\/p><p>\u00a0<\/p>\t\t\t\t\t\t\t\t<\/div>\n\t\t\t\t<\/div>\n\t\t\t\t\t<\/div>\n\t\t<\/div>\n\t\t\t\t\t<\/div>\n\t\t<\/section>\n\t\t\t\t\t<\/div>\n\t\t<\/div>\n\t\t\t\t\t<\/div>\n\t\t<\/section>\n\t\t\t\t<section class=\"elementor-section elementor-top-section elementor-element elementor-element-f2d0bc2 elementor-section-boxed elementor-section-height-default elementor-section-height-default\" data-id=\"f2d0bc2\" data-element_type=\"section\" data-e-type=\"section\">\n\t\t\t\t\t\t<div class=\"elementor-container elementor-column-gap-default\">\n\t\t\t\t\t<div class=\"elementor-column elementor-col-100 elementor-top-column elementor-element elementor-element-a4bd923\" data-id=\"a4bd923\" data-element_type=\"column\" data-e-type=\"column\">\n\t\t\t<div class=\"elementor-widget-wrap elementor-element-populated\">\n\t\t\t\t\t\t<div class=\"elementor-element elementor-element-0055748 elementor-widget elementor-widget-text-editor\" data-id=\"0055748\" data-element_type=\"widget\" data-e-type=\"widget\" data-widget_type=\"text-editor.default\">\n\t\t\t\t<div class=\"elementor-widget-container\">\n\t\t\t\t\t\t\t\t\t<h2 style=\"font-family: Roboto, sans-serif; color: #333333;\"><span style=\"font-size: 2rem;\">4,75 $ + taxes (par copie)<\/span><\/h2><h4 style=\"font-family: Roboto, sans-serif; color: #333333;\" class=\"translation-block\"><i>Inclut les guides de discussion et d\u2019animation<br><\/i>\n<i>Frais de livraison en sus<\/i><\/h4>\t\t\t\t\t\t\t\t<\/div>\n\t\t\t\t<\/div>\n\t\t\t\t<div class=\"elementor-element elementor-element-bcb1471 elementor-widget elementor-widget-spacer\" data-id=\"bcb1471\" data-element_type=\"widget\" data-e-type=\"widget\" data-widget_type=\"spacer.default\">\n\t\t\t\t<div class=\"elementor-widget-container\">\n\t\t\t\t\t\t\t<div class=\"elementor-spacer\">\n\t\t\t<div class=\"elementor-spacer-inner\"><\/div>\n\t\t<\/div>\n\t\t\t\t\t\t<\/div>\n\t\t\t\t<\/div>\n\t\t\t\t\t<\/div>\n\t\t<\/div>\n\t\t\t\t\t<\/div>\n\t\t<\/section>\n\t\t\t\t<section class=\"elementor-section elementor-top-section elementor-element elementor-element-53b4adf elementor-section-boxed elementor-section-height-default elementor-section-height-default\" data-id=\"53b4adf\" data-element_type=\"section\" data-e-type=\"section\">\n\t\t\t\t\t\t<div class=\"elementor-container elementor-column-gap-default\">\n\t\t\t\t\t<div class=\"elementor-column elementor-col-100 elementor-top-column elementor-element elementor-element-d49b3ad\" data-id=\"d49b3ad\" data-element_type=\"column\" data-e-type=\"column\">\n\t\t\t<div class=\"elementor-widget-wrap elementor-element-populated\">\n\t\t\t\t\t\t<div class=\"elementor-element elementor-element-4782788 elementor-widget elementor-widget-text-editor\" data-id=\"4782788\" data-element_type=\"widget\" data-e-type=\"widget\" data-widget_type=\"text-editor.default\">\n\t\t\t\t<div class=\"elementor-widget-container\">\n\t\t\t\t\t\t\t\t\t<h2 style=\"font-family: Roboto, sans-serif; color: #333333; text-align: center;\" class=\"translation-block\"><span style=\"font-family: inherit;font-size: 2rem\">\u00c7a vous int\u00e9resse? \u00c9crivez-nous \u00e0 <\/span><a style=\"font-family: inherit;font-size: 2rem\" href=\"\/fr\/info@biblica.ca\/\" target=\"_self\">info@biblica.ca<\/a><span style=\"font-family: inherit;font-size: 2rem\">.<\/span><\/h2>\t\t\t\t\t\t\t\t<\/div>\n\t\t\t\t<\/div>\n\t\t\t\t\t<\/div>\n\t\t<\/div>\n\t\t\t\t\t<\/div>\n\t\t<\/section>\n\t\t\t\t<\/div>","protected":false},"excerpt":{"rendered":"<p>LEARN HOW TO READ YOUR BIBLE. AND DO IT WITH A GROUP. The Alpha Omega Program exists to help people\u2014believers or not\u2014engage with the Bible in a more efficient and relevant manner. We also know that &#8220;if you want to go fast, you go alone, but if you want to go far, you go together&#8221;. [&hellip;]<\/p>\n","protected":false},"author":87,"featured_media":21980,"parent":0,"menu_order":0,"comment_status":"closed","ping_status":"closed","template":"","meta":{"inline_featured_image":false,"footnotes":""},"class_list":["post-21977","page","type-page","status-publish","has-post-thumbnail","hentry"],"yoast_head":"<!-- This site is optimized with the Yoast SEO plugin v27.4 - https:\/\/yoast.com\/product\/yoast-seo-wordpress\/ -->\n<title>GO BEYOND BIBLE STUDY. - Biblica Canada<\/title>\n<meta name=\"robots\" content=\"index, follow, max-snippet:-1, max-image-preview:large, max-video-preview:-1\" \/>\n<link rel=\"canonical\" href=\"https:\/\/biblica.ca\/fr\/alphaomega\/\" \/>\n<meta name=\"twitter:label1\" content=\"Estimation du temps de lecture\" \/>\n\t<meta name=\"twitter:data1\" content=\"4 minutes\" \/>\n<script type=\"application\/ld+json\" class=\"yoast-schema-graph\">{\"@context\":\"https:\\\/\\\/schema.org\",\"@graph\":[{\"@type\":\"WebPage\",\"@id\":\"https:\\\/\\\/biblica.ca\\\/fr\\\/alphaomega\\\/\",\"url\":\"https:\\\/\\\/biblica.ca\\\/fr\\\/alphaomega\\\/\",\"name\":\"GO BEYOND BIBLE STUDY. - Biblica Canada\",\"isPartOf\":{\"@id\":\"https:\\\/\\\/biblica.ca\\\/#website\"},\"primaryImageOfPage\":{\"@id\":\"https:\\\/\\\/biblica.ca\\\/fr\\\/alphaomega\\\/#primaryimage\"},\"image\":{\"@id\":\"https:\\\/\\\/biblica.ca\\\/fr\\\/alphaomega\\\/#primaryimage\"},\"thumbnailUrl\":\"https:\\\/\\\/biblica.ca\\\/wp-content\\\/uploads\\\/Book-BK-HLD-BH-01-2-copie-scaled.jpg\",\"datePublished\":\"2024-09-23T16:08:46+00:00\",\"dateModified\":\"2025-03-25T15:24:53+00:00\",\"inLanguage\":\"fr-CA\",\"potentialAction\":[{\"@type\":\"ReadAction\",\"target\":[\"https:\\\/\\\/biblica.ca\\\/fr\\\/alphaomega\\\/\"]}]},{\"@type\":\"ImageObject\",\"inLanguage\":\"fr-CA\",\"@id\":\"https:\\\/\\\/biblica.ca\\\/fr\\\/alphaomega\\\/#primaryimage\",\"url\":\"https:\\\/\\\/biblica.ca\\\/wp-content\\\/uploads\\\/Book-BK-HLD-BH-01-2-copie-scaled.jpg\",\"contentUrl\":\"https:\\\/\\\/biblica.ca\\\/wp-content\\\/uploads\\\/Book-BK-HLD-BH-01-2-copie-scaled.jpg\",\"width\":1920,\"height\":2560},{\"@type\":\"WebSite\",\"@id\":\"https:\\\/\\\/biblica.ca\\\/#website\",\"url\":\"https:\\\/\\\/biblica.ca\\\/\",\"name\":\"Biblica Canada\",\"description\":\"\",\"publisher\":{\"@id\":\"https:\\\/\\\/biblica.ca\\\/#organization\"},\"potentialAction\":[{\"@type\":\"SearchAction\",\"target\":{\"@type\":\"EntryPoint\",\"urlTemplate\":\"https:\\\/\\\/biblica.ca\\\/?s={search_term_string}\"},\"query-input\":{\"@type\":\"PropertyValueSpecification\",\"valueRequired\":true,\"valueName\":\"search_term_string\"}}],\"inLanguage\":\"fr-CA\"},{\"@type\":\"Organization\",\"@id\":\"https:\\\/\\\/biblica.ca\\\/#organization\",\"name\":\"Biblica Canada\",\"url\":\"https:\\\/\\\/biblica.ca\\\/\",\"logo\":{\"@type\":\"ImageObject\",\"inLanguage\":\"fr-CA\",\"@id\":\"https:\\\/\\\/biblica.ca\\\/#\\\/schema\\\/logo\\\/image\\\/\",\"url\":\"https:\\\/\\\/biblica.ca\\\/wp-content\\\/uploads\\\/biblica_logo_blue.svg\",\"contentUrl\":\"https:\\\/\\\/biblica.ca\\\/wp-content\\\/uploads\\\/biblica_logo_blue.svg\",\"width\":108,\"height\":102,\"caption\":\"Biblica Canada\"},\"image\":{\"@id\":\"https:\\\/\\\/biblica.ca\\\/#\\\/schema\\\/logo\\\/image\\\/\"},\"sameAs\":[\"http:\\\/\\\/www.facebook.com\\\/biblica\",\"http:\\\/\\\/instagram.com\\\/biblicacanada\"]}]}<\/script>\n<!-- \/ Yoast SEO plugin. -->","yoast_head_json":{"title":"GO BEYOND BIBLE STUDY. - Biblica Canada","robots":{"index":"index","follow":"follow","max-snippet":"max-snippet:-1","max-image-preview":"max-image-preview:large","max-video-preview":"max-video-preview:-1"},"canonical":"https:\/\/biblica.ca\/fr\/alphaomega\/","twitter_misc":{"Estimation du temps de lecture":"4 minutes"},"schema":{"@context":"https:\/\/schema.org","@graph":[{"@type":"WebPage","@id":"https:\/\/biblica.ca\/fr\/alphaomega\/","url":"https:\/\/biblica.ca\/fr\/alphaomega\/","name":"GO BEYOND BIBLE STUDY. - Biblica Canada","isPartOf":{"@id":"https:\/\/biblica.ca\/#website"},"primaryImageOfPage":{"@id":"https:\/\/biblica.ca\/fr\/alphaomega\/#primaryimage"},"image":{"@id":"https:\/\/biblica.ca\/fr\/alphaomega\/#primaryimage"},"thumbnailUrl":"https:\/\/biblica.ca\/wp-content\/uploads\/Book-BK-HLD-BH-01-2-copie-scaled.jpg","datePublished":"2024-09-23T16:08:46+00:00","dateModified":"2025-03-25T15:24:53+00:00","inLanguage":"fr-CA","potentialAction":[{"@type":"ReadAction","target":["https:\/\/biblica.ca\/fr\/alphaomega\/"]}]},{"@type":"ImageObject","inLanguage":"fr-CA","@id":"https:\/\/biblica.ca\/fr\/alphaomega\/#primaryimage","url":"https:\/\/biblica.ca\/wp-content\/uploads\/Book-BK-HLD-BH-01-2-copie-scaled.jpg","contentUrl":"https:\/\/biblica.ca\/wp-content\/uploads\/Book-BK-HLD-BH-01-2-copie-scaled.jpg","width":1920,"height":2560},{"@type":"WebSite","@id":"https:\/\/biblica.ca\/#website","url":"https:\/\/biblica.ca\/","name":"Biblica Canada","description":"","publisher":{"@id":"https:\/\/biblica.ca\/#organization"},"potentialAction":[{"@type":"SearchAction","target":{"@type":"EntryPoint","urlTemplate":"https:\/\/biblica.ca\/?s={search_term_string}"},"query-input":{"@type":"PropertyValueSpecification","valueRequired":true,"valueName":"search_term_string"}}],"inLanguage":"fr-CA"},{"@type":"Organization","@id":"https:\/\/biblica.ca\/#organization","name":"Biblica Canada","url":"https:\/\/biblica.ca\/","logo":{"@type":"ImageObject","inLanguage":"fr-CA","@id":"https:\/\/biblica.ca\/#\/schema\/logo\/image\/","url":"https:\/\/biblica.ca\/wp-content\/uploads\/biblica_logo_blue.svg","contentUrl":"https:\/\/biblica.ca\/wp-content\/uploads\/biblica_logo_blue.svg","width":108,"height":102,"caption":"Biblica Canada"},"image":{"@id":"https:\/\/biblica.ca\/#\/schema\/logo\/image\/"},"sameAs":["http:\/\/www.facebook.com\/biblica","http:\/\/instagram.com\/biblicacanada"]}]}},"_links":{"self":[{"href":"https:\/\/biblica.ca\/fr\/wp-json\/wp\/v2\/pages\/21977","targetHints":{"allow":["GET"]}}],"collection":[{"href":"https:\/\/biblica.ca\/fr\/wp-json\/wp\/v2\/pages"}],"about":[{"href":"https:\/\/biblica.ca\/fr\/wp-json\/wp\/v2\/types\/page"}],"author":[{"embeddable":true,"href":"https:\/\/biblica.ca\/fr\/wp-json\/wp\/v2\/users\/87"}],"replies":[{"embeddable":true,"href":"https:\/\/biblica.ca\/fr\/wp-json\/wp\/v2\/comments?post=21977"}],"version-history":[{"count":21,"href":"https:\/\/biblica.ca\/fr\/wp-json\/wp\/v2\/pages\/21977\/revisions"}],"predecessor-version":[{"id":22007,"href":"https:\/\/biblica.ca\/fr\/wp-json\/wp\/v2\/pages\/21977\/revisions\/22007"}],"wp:featuredmedia":[{"embeddable":true,"href":"https:\/\/biblica.ca\/fr\/wp-json\/wp\/v2\/media\/21980"}],"wp:attachment":[{"href":"https:\/\/biblica.ca\/fr\/wp-json\/wp\/v2\/media?parent=21977"}],"curies":[{"name":"wp","href":"https:\/\/api.w.org\/{rel}","templated":true}]}}