{"id":21161,"date":"2023-04-30T22:42:44","date_gmt":"2023-05-01T04:42:44","guid":{"rendered":"https:\/\/biblica.ca\/?page_id=21161"},"modified":"2024-12-06T15:05:10","modified_gmt":"2024-12-06T20:05:10","slug":"donate","status":"publish","type":"page","link":"https:\/\/biblica.ca\/fr\/donate\/","title":{"rendered":"Aidez-nous \u00e0 diffuser la parole de Dieu"},"content":{"rendered":"<div data-elementor-type=\"wp-page\" data-elementor-id=\"21161\" class=\"elementor elementor-21161\" data-elementor-post-type=\"page\">\n\t\t\t\t\t\t<section class=\"elementor-section elementor-top-section elementor-element elementor-element-e47bbac elementor-section-boxed elementor-section-height-default elementor-section-height-default\" data-id=\"e47bbac\" data-element_type=\"section\" data-e-type=\"section\">\n\t\t\t\t\t\t<div class=\"elementor-container elementor-column-gap-default\">\n\t\t\t\t\t<div class=\"elementor-column elementor-col-100 elementor-top-column elementor-element elementor-element-61a9b38\" data-id=\"61a9b38\" data-element_type=\"column\" data-e-type=\"column\">\n\t\t\t<div class=\"elementor-widget-wrap elementor-element-populated\">\n\t\t\t\t\t\t<div class=\"elementor-element elementor-element-9c380d6 elementor-widget elementor-widget-heading\" data-id=\"9c380d6\" data-element_type=\"widget\" data-e-type=\"widget\" data-widget_type=\"heading.default\">\n\t\t\t\t<div class=\"elementor-widget-container\">\n\t\t\t\t\t<h1 class=\"elementor-heading-title elementor-size-default\">Aidez-nous \u00e0 diffuser la parole de Dieu<\/h1>\t\t\t\t<\/div>\n\t\t\t\t<\/div>\n\t\t\t\t<div class=\"elementor-element elementor-element-a9753da elementor-widget elementor-widget-text-editor\" data-id=\"a9753da\" data-element_type=\"widget\" data-e-type=\"widget\" data-widget_type=\"text-editor.default\">\n\t\t\t\t<div class=\"elementor-widget-container\">\n\t\t\t\t\t\t\t\t\tC\u2019est gr\u00e2ce aux dons de personnes, d\u2019\u00e9glises et d\u2019organismes comme vous que Biblica Canada peut continuer \u00e0 investir dans la traduction de la Bible et l\u2019engagement avec la Parole de Dieu. Joignez-vous \u00e0 nous pour voir la Bible partag\u00e9e \u00e0 tous et transformer la vie de ceux qui d\u00e9couvre le c\u0153ur de Dieu en la lisant.\t\t\t\t\t\t\t\t<\/div>\n\t\t\t\t<\/div>\n\t\t\t\t\t<\/div>\n\t\t<\/div>\n\t\t\t\t\t<\/div>\n\t\t<\/section>\n\t\t\t\t<section class=\"elementor-section elementor-top-section elementor-element elementor-element-48d05ad elementor-section-boxed elementor-section-height-default elementor-section-height-default\" data-id=\"48d05ad\" data-element_type=\"section\" data-e-type=\"section\" data-settings=\"{&quot;background_background&quot;:&quot;classic&quot;}\">\n\t\t\t\t\t\t<div class=\"elementor-container elementor-column-gap-default\">\n\t\t\t\t\t<div class=\"elementor-column elementor-col-100 elementor-top-column elementor-element elementor-element-b0d78da\" data-id=\"b0d78da\" data-element_type=\"column\" data-e-type=\"column\">\n\t\t\t<div class=\"elementor-widget-wrap elementor-element-populated\">\n\t\t\t\t\t\t<div class=\"elementor-element elementor-element-1c7823c elementor-widget elementor-widget-heading\" data-id=\"1c7823c\" data-element_type=\"widget\" data-e-type=\"widget\" data-widget_type=\"heading.default\">\n\t\t\t\t<div class=\"elementor-widget-container\">\n\t\t\t\t\t<h2 class=\"elementor-heading-title elementor-size-default\">Cliquez ici pour faire un don<\/h2>\t\t\t\t<\/div>\n\t\t\t\t<\/div>\n\t\t\t\t<section class=\"elementor-section elementor-inner-section elementor-element elementor-element-4e0635c elementor-section-boxed elementor-section-height-default elementor-section-height-default\" data-id=\"4e0635c\" data-element_type=\"section\" data-e-type=\"section\">\n\t\t\t\t\t\t<div class=\"elementor-container elementor-column-gap-default\">\n\t\t\t\t\t<div class=\"elementor-column elementor-col-50 elementor-inner-column elementor-element elementor-element-69544cc\" data-id=\"69544cc\" data-element_type=\"column\" data-e-type=\"column\">\n\t\t\t<div class=\"elementor-widget-wrap elementor-element-populated\">\n\t\t\t\t\t\t<div class=\"elementor-element elementor-element-c90eda6 elementor-widget elementor-widget-heading\" data-id=\"c90eda6\" data-element_type=\"widget\" data-e-type=\"widget\" data-widget_type=\"heading.default\">\n\t\t\t\t<div class=\"elementor-widget-container\">\n\t\t\t\t\t<h2 class=\"elementor-heading-title elementor-size-default\"><a href=\"https:\/\/www.canadahelps.org\/en\/charities\/biblica-canada\/\" target=\"_blank\">CanaDon<\/a><\/h2>\t\t\t\t<\/div>\n\t\t\t\t<\/div>\n\t\t\t\t\t<\/div>\n\t\t<\/div>\n\t\t\t\t<div class=\"elementor-column elementor-col-50 elementor-inner-column elementor-element elementor-element-de2fd50\" data-id=\"de2fd50\" data-element_type=\"column\" data-e-type=\"column\">\n\t\t\t<div class=\"elementor-widget-wrap elementor-element-populated\">\n\t\t\t\t\t\t<div class=\"elementor-element elementor-element-d028a23 elementor-widget elementor-widget-heading\" data-id=\"d028a23\" data-element_type=\"widget\" data-e-type=\"widget\" data-widget_type=\"heading.default\">\n\t\t\t\t<div class=\"elementor-widget-container\">\n\t\t\t\t\t<h2 class=\"elementor-heading-title elementor-size-default\"><a href=\"http:\/\/paypal.com\/ca\/fundraiser\/charity\/3414682\" target=\"_blank\">PayPal<\/a><\/h2>\t\t\t\t<\/div>\n\t\t\t\t<\/div>\n\t\t\t\t\t<\/div>\n\t\t<\/div>\n\t\t\t\t\t<\/div>\n\t\t<\/section>\n\t\t\t\t<section class=\"elementor-section elementor-inner-section elementor-element elementor-element-0be2126 elementor-section-boxed elementor-section-height-default elementor-section-height-default\" data-id=\"0be2126\" data-element_type=\"section\" data-e-type=\"section\">\n\t\t\t\t\t\t<div class=\"elementor-container elementor-column-gap-default\">\n\t\t\t\t\t<div class=\"elementor-column elementor-col-100 elementor-inner-column elementor-element elementor-element-2bf5f7a\" data-id=\"2bf5f7a\" data-element_type=\"column\" data-e-type=\"column\">\n\t\t\t<div class=\"elementor-widget-wrap elementor-element-populated\">\n\t\t\t\t\t\t<div class=\"elementor-element elementor-element-0de4165 elementor-widget elementor-widget-heading\" data-id=\"0de4165\" data-element_type=\"widget\" data-e-type=\"widget\" id=\"monthly-gifts\" data-widget_type=\"heading.default\">\n\t\t\t\t<div class=\"elementor-widget-container\">\n\t\t\t\t\t<p class=\"elementor-heading-title elementor-size-default\">Contributions mensuelles<\/p>\t\t\t\t<\/div>\n\t\t\t\t<\/div>\n\t\t\t\t<div class=\"elementor-element elementor-element-5ce650e elementor-widget__width-initial elementor-widget elementor-widget-text-editor\" data-id=\"5ce650e\" data-element_type=\"widget\" data-e-type=\"widget\" data-widget_type=\"text-editor.default\">\n\t\t\t\t<div class=\"elementor-widget-container\">\n\t\t\t\t\t\t\t\t\t<p>Les dons mensuels permettent \u00e0 Biblica de pr\u00e9voir ses entr\u00e9es d\u2019argent et ainsi mieux planifier ses propres contributions aux organismes qu\u2019elle soutient. Pour donner mensuellement, veuillez choisir CanaDon et cliquer sur l\u2019option \u00ab Faites un don mensuel \u00bb sur la page de Dons.<\/p>\t\t\t\t\t\t\t\t<\/div>\n\t\t\t\t<\/div>\n\t\t\t\t<div class=\"elementor-element elementor-element-3208b4e elementor-widget elementor-widget-text-editor\" data-id=\"3208b4e\" data-element_type=\"widget\" data-e-type=\"widget\" data-widget_type=\"text-editor.default\">\n\t\t\t\t<div class=\"elementor-widget-container\">\n\t\t\t\t\t\t\t\t\t<p>Vous avez des questions? <a href=\"\/fr\/contact\/\">\u00c9crivez-nous<\/a>.<\/p>\t\t\t\t\t\t\t\t<\/div>\n\t\t\t\t<\/div>\n\t\t\t\t\t<\/div>\n\t\t<\/div>\n\t\t\t\t\t<\/div>\n\t\t<\/section>\n\t\t\t\t\t<\/div>\n\t\t<\/div>\n\t\t\t\t\t<\/div>\n\t\t<\/section>\n\t\t\t\t<\/div>","protected":false},"excerpt":{"rendered":"<p>Help us bring the Word of God to Canada Individuals, churches and organizations who choose to give to Biblica Canada give us the means to continue investing in Bible translation and engagement programs. Join forces with us to see the Bible shared throughout Canada and the world, and transform the lives of those who, through [&hellip;]<\/p>\n","protected":false},"author":3,"featured_media":0,"parent":0,"menu_order":0,"comment_status":"closed","ping_status":"closed","template":"elementor_header_footer","meta":{"inline_featured_image":false,"footnotes":""},"class_list":["post-21161","page","type-page","status-publish","hentry"],"yoast_head":"<!-- This site is optimized with the Yoast SEO plugin v27.4 - https:\/\/yoast.com\/product\/yoast-seo-wordpress\/ -->\n<title>Donate | Biblica Canada<\/title>\n<meta name=\"description\" content=\"Give the Bible as a gift! Donate to Biblica Canada.\" \/>\n<meta name=\"robots\" content=\"index, follow, max-snippet:-1, max-image-preview:large, max-video-preview:-1\" \/>\n<link rel=\"canonical\" href=\"https:\/\/biblica.ca\/fr\/donate\/\" \/>\n<meta name=\"twitter:label1\" content=\"Estimation du temps de lecture\" \/>\n\t<meta name=\"twitter:data1\" content=\"1 minute\" \/>\n<script type=\"application\/ld+json\" class=\"yoast-schema-graph\">{\"@context\":\"https:\\\/\\\/schema.org\",\"@graph\":[{\"@type\":\"WebPage\",\"@id\":\"https:\\\/\\\/biblica.ca\\\/donate\\\/\",\"url\":\"https:\\\/\\\/biblica.ca\\\/donate\\\/\",\"name\":\"Donate | Biblica Canada\",\"isPartOf\":{\"@id\":\"https:\\\/\\\/biblica.ca\\\/#website\"},\"datePublished\":\"2023-05-01T04:42:44+00:00\",\"dateModified\":\"2024-12-06T20:05:10+00:00\",\"description\":\"Give the Bible as a gift! Donate to Biblica Canada.\",\"inLanguage\":\"fr-CA\",\"potentialAction\":[{\"@type\":\"ReadAction\",\"target\":[\"https:\\\/\\\/biblica.ca\\\/donate\\\/\"]}]},{\"@type\":\"WebSite\",\"@id\":\"https:\\\/\\\/biblica.ca\\\/#website\",\"url\":\"https:\\\/\\\/biblica.ca\\\/\",\"name\":\"Biblica Canada\",\"description\":\"\",\"publisher\":{\"@id\":\"https:\\\/\\\/biblica.ca\\\/#organization\"},\"potentialAction\":[{\"@type\":\"SearchAction\",\"target\":{\"@type\":\"EntryPoint\",\"urlTemplate\":\"https:\\\/\\\/biblica.ca\\\/?s={search_term_string}\"},\"query-input\":{\"@type\":\"PropertyValueSpecification\",\"valueRequired\":true,\"valueName\":\"search_term_string\"}}],\"inLanguage\":\"fr-CA\"},{\"@type\":\"Organization\",\"@id\":\"https:\\\/\\\/biblica.ca\\\/#organization\",\"name\":\"Biblica Canada\",\"url\":\"https:\\\/\\\/biblica.ca\\\/\",\"logo\":{\"@type\":\"ImageObject\",\"inLanguage\":\"fr-CA\",\"@id\":\"https:\\\/\\\/biblica.ca\\\/#\\\/schema\\\/logo\\\/image\\\/\",\"url\":\"https:\\\/\\\/biblica.ca\\\/wp-content\\\/uploads\\\/biblica_logo_blue.svg\",\"contentUrl\":\"https:\\\/\\\/biblica.ca\\\/wp-content\\\/uploads\\\/biblica_logo_blue.svg\",\"width\":108,\"height\":102,\"caption\":\"Biblica Canada\"},\"image\":{\"@id\":\"https:\\\/\\\/biblica.ca\\\/#\\\/schema\\\/logo\\\/image\\\/\"},\"sameAs\":[\"http:\\\/\\\/www.facebook.com\\\/biblica\",\"http:\\\/\\\/instagram.com\\\/biblicacanada\"]}]}<\/script>\n<!-- \/ Yoast SEO plugin. -->","yoast_head_json":{"title":"Donate | Biblica Canada","description":"Give the Bible as a gift! Donate to Biblica Canada.","robots":{"index":"index","follow":"follow","max-snippet":"max-snippet:-1","max-image-preview":"max-image-preview:large","max-video-preview":"max-video-preview:-1"},"canonical":"https:\/\/biblica.ca\/fr\/donate\/","twitter_misc":{"Estimation du temps de lecture":"1 minute"},"schema":{"@context":"https:\/\/schema.org","@graph":[{"@type":"WebPage","@id":"https:\/\/biblica.ca\/donate\/","url":"https:\/\/biblica.ca\/donate\/","name":"Donate | Biblica Canada","isPartOf":{"@id":"https:\/\/biblica.ca\/#website"},"datePublished":"2023-05-01T04:42:44+00:00","dateModified":"2024-12-06T20:05:10+00:00","description":"Give the Bible as a gift! Donate to Biblica Canada.","inLanguage":"fr-CA","potentialAction":[{"@type":"ReadAction","target":["https:\/\/biblica.ca\/donate\/"]}]},{"@type":"WebSite","@id":"https:\/\/biblica.ca\/#website","url":"https:\/\/biblica.ca\/","name":"Biblica Canada","description":"","publisher":{"@id":"https:\/\/biblica.ca\/#organization"},"potentialAction":[{"@type":"SearchAction","target":{"@type":"EntryPoint","urlTemplate":"https:\/\/biblica.ca\/?s={search_term_string}"},"query-input":{"@type":"PropertyValueSpecification","valueRequired":true,"valueName":"search_term_string"}}],"inLanguage":"fr-CA"},{"@type":"Organization","@id":"https:\/\/biblica.ca\/#organization","name":"Biblica Canada","url":"https:\/\/biblica.ca\/","logo":{"@type":"ImageObject","inLanguage":"fr-CA","@id":"https:\/\/biblica.ca\/#\/schema\/logo\/image\/","url":"https:\/\/biblica.ca\/wp-content\/uploads\/biblica_logo_blue.svg","contentUrl":"https:\/\/biblica.ca\/wp-content\/uploads\/biblica_logo_blue.svg","width":108,"height":102,"caption":"Biblica Canada"},"image":{"@id":"https:\/\/biblica.ca\/#\/schema\/logo\/image\/"},"sameAs":["http:\/\/www.facebook.com\/biblica","http:\/\/instagram.com\/biblicacanada"]}]}},"_links":{"self":[{"href":"https:\/\/biblica.ca\/fr\/wp-json\/wp\/v2\/pages\/21161","targetHints":{"allow":["GET"]}}],"collection":[{"href":"https:\/\/biblica.ca\/fr\/wp-json\/wp\/v2\/pages"}],"about":[{"href":"https:\/\/biblica.ca\/fr\/wp-json\/wp\/v2\/types\/page"}],"author":[{"embeddable":true,"href":"https:\/\/biblica.ca\/fr\/wp-json\/wp\/v2\/users\/3"}],"replies":[{"embeddable":true,"href":"https:\/\/biblica.ca\/fr\/wp-json\/wp\/v2\/comments?post=21161"}],"version-history":[{"count":33,"href":"https:\/\/biblica.ca\/fr\/wp-json\/wp\/v2\/pages\/21161\/revisions"}],"predecessor-version":[{"id":22054,"href":"https:\/\/biblica.ca\/fr\/wp-json\/wp\/v2\/pages\/21161\/revisions\/22054"}],"wp:attachment":[{"href":"https:\/\/biblica.ca\/fr\/wp-json\/wp\/v2\/media?parent=21161"}],"curies":[{"name":"wp","href":"https:\/\/api.w.org\/{rel}","templated":true}]}}