{"id":1902,"date":"2016-09-25T20:55:42","date_gmt":"2016-09-26T02:55:42","guid":{"rendered":"https:\/\/biblica.ca\/?page_id=1902"},"modified":"2025-03-25T11:27:11","modified_gmt":"2025-03-25T15:27:11","slug":"resources","status":"publish","type":"page","link":"https:\/\/biblica.ca\/fr\/resources\/","title":{"rendered":"Ressources gratuites de Biblica Canada"},"content":{"rendered":"<div data-elementor-type=\"wp-page\" data-elementor-id=\"1902\" class=\"elementor elementor-1902\" data-elementor-post-type=\"page\">\n\t\t\t\t\t\t<section class=\"elementor-section elementor-top-section elementor-element elementor-element-6e46b667 elementor-section-boxed elementor-section-height-default elementor-section-height-default\" data-id=\"6e46b667\" data-element_type=\"section\" data-e-type=\"section\" data-settings=\"{&quot;background_background&quot;:&quot;classic&quot;}\">\n\t\t\t\t\t\t<div class=\"elementor-container elementor-column-gap-default\">\n\t\t\t\t\t<div class=\"elementor-column elementor-col-100 elementor-top-column elementor-element elementor-element-1de3f054\" data-id=\"1de3f054\" data-element_type=\"column\" data-e-type=\"column\">\n\t\t\t<div class=\"elementor-widget-wrap elementor-element-populated\">\n\t\t\t\t\t\t<div class=\"elementor-element elementor-element-54a486f elementor-widget elementor-widget-heading\" data-id=\"54a486f\" data-element_type=\"widget\" data-e-type=\"widget\" data-widget_type=\"heading.default\">\n\t\t\t\t<div class=\"elementor-widget-container\">\n\t\t\t\t\t<h1 class=\"elementor-heading-title elementor-size-default\">Des ressources pour vous \u00e9quiper dans votre foi<\/h1>\t\t\t\t<\/div>\n\t\t\t\t<\/div>\n\t\t\t\t<div class=\"elementor-element elementor-element-350c532 elementor-widget elementor-widget-heading\" data-id=\"350c532\" data-element_type=\"widget\" data-e-type=\"widget\" data-widget_type=\"heading.default\">\n\t\t\t\t<div class=\"elementor-widget-container\">\n\t\t\t\t\t<h2 class=\"elementor-heading-title elementor-size-default\">Des outils pour vos d\u00e9votions personnelles ou en groupe<\/h2>\t\t\t\t<\/div>\n\t\t\t\t<\/div>\n\t\t\t\t<section class=\"elementor-section elementor-inner-section elementor-element elementor-element-286dbfc1 elementor-section-boxed elementor-section-height-default elementor-section-height-default\" data-id=\"286dbfc1\" data-element_type=\"section\" data-e-type=\"section\">\n\t\t\t\t\t\t<div class=\"elementor-container elementor-column-gap-default\">\n\t\t\t\t\t<div class=\"elementor-column elementor-col-50 elementor-inner-column elementor-element elementor-element-6773eca\" data-id=\"6773eca\" data-element_type=\"column\" data-e-type=\"column\">\n\t\t\t<div class=\"elementor-widget-wrap elementor-element-populated\">\n\t\t\t\t\t\t<div class=\"elementor-element elementor-element-161bf41 elementor-widget elementor-widget-image\" data-id=\"161bf41\" data-element_type=\"widget\" data-e-type=\"widget\" data-widget_type=\"image.default\">\n\t\t\t\t<div class=\"elementor-widget-container\">\n\t\t\t\t\t\t\t\t\t\t\t\t\t\t\t\t<a href=\"https:\/\/www.biblica.com\/online-bible\/\" target=\"_blank\">\n\t\t\t\t\t\t\t<img decoding=\"async\" src=\"https:\/\/biblica.ca\/wp-content\/uploads\/Read-Bible-online-scaled.jpg\" title=\"\" alt=\"\" class=\"elementor-animation-shrink\" loading=\"lazy\" \/>\t\t\t\t\t\t\t\t<\/a>\n\t\t\t\t\t\t\t\t\t\t\t\t\t\t\t<\/div>\n\t\t\t\t<\/div>\n\t\t\t\t<div class=\"elementor-element elementor-element-47f465b elementor-widget elementor-widget-heading\" data-id=\"47f465b\" data-element_type=\"widget\" data-e-type=\"widget\" data-widget_type=\"heading.default\">\n\t\t\t\t<div class=\"elementor-widget-container\">\n\t\t\t\t\t<h2 class=\"elementor-heading-title elementor-size-default\"><a href=\"https:\/\/www.biblica.com\/online-bible\/\">Lire la Bible en ligne<\/a><\/h2>\t\t\t\t<\/div>\n\t\t\t\t<\/div>\n\t\t\t\t<div class=\"elementor-element elementor-element-6ec04b3 elementor-widget elementor-widget-text-editor\" data-id=\"6ec04b3\" data-element_type=\"widget\" data-e-type=\"widget\" data-widget_type=\"text-editor.default\">\n\t\t\t\t<div class=\"elementor-widget-container\">\n\t\t\t\t\t\t\t\t\tD\u00e9couvrez plus de 40 versions modernes de la Bible \u00e0 \u00e9tudier en format en num\u00e9rique ou audio.\t\t\t\t\t\t\t\t<\/div>\n\t\t\t\t<\/div>\n\t\t\t\t\t<\/div>\n\t\t<\/div>\n\t\t\t\t<div class=\"elementor-column elementor-col-50 elementor-inner-column elementor-element elementor-element-f4f2f44\" data-id=\"f4f2f44\" data-element_type=\"column\" data-e-type=\"column\">\n\t\t\t<div class=\"elementor-widget-wrap elementor-element-populated\">\n\t\t\t\t\t\t<div class=\"elementor-element elementor-element-d96867e elementor-widget elementor-widget-image\" data-id=\"d96867e\" data-element_type=\"widget\" data-e-type=\"widget\" data-widget_type=\"image.default\">\n\t\t\t\t<div class=\"elementor-widget-container\">\n\t\t\t\t\t\t\t\t\t\t\t\t\t\t\t\t<a href=\"https:\/\/www.biblica.com\/resources\/reading-plans\/\" target=\"_blank\">\n\t\t\t\t\t\t\t<img fetchpriority=\"high\" decoding=\"async\" width=\"800\" height=\"534\" src=\"https:\/\/biblica.ca\/wp-content\/uploads\/Reading-plans-1024x683.jpeg\" class=\"elementor-animation-shrink attachment-large size-large wp-image-21407\" alt=\"A woman reads the Bible\" srcset=\"https:\/\/biblica.ca\/wp-content\/uploads\/Reading-plans-1024x683.jpeg 1024w, https:\/\/biblica.ca\/wp-content\/uploads\/Reading-plans-300x200.jpeg 300w, https:\/\/biblica.ca\/wp-content\/uploads\/Reading-plans-1536x1024.jpeg 1536w, https:\/\/biblica.ca\/wp-content\/uploads\/Reading-plans-2048x1365.jpeg 2048w\" sizes=\"(max-width: 800px) 100vw, 800px\" \/>\t\t\t\t\t\t\t\t<\/a>\n\t\t\t\t\t\t\t\t\t\t\t\t\t\t\t<\/div>\n\t\t\t\t<\/div>\n\t\t\t\t<div class=\"elementor-element elementor-element-5047677f elementor-widget elementor-widget-heading\" data-id=\"5047677f\" data-element_type=\"widget\" data-e-type=\"widget\" data-widget_type=\"heading.default\">\n\t\t\t\t<div class=\"elementor-widget-container\">\n\t\t\t\t\t<h2 class=\"elementor-heading-title elementor-size-default\"><a href=\"https:\/\/www.biblica.com\/resources\/reading-plans\/\" target=\"_blank\" rel=\"nofollow\">Plans de lecture<\/a><\/h2>\t\t\t\t<\/div>\n\t\t\t\t<\/div>\n\t\t\t\t<div class=\"elementor-element elementor-element-e5bfad8 elementor-widget elementor-widget-text-editor\" data-id=\"e5bfad8\" data-element_type=\"widget\" data-e-type=\"widget\" data-widget_type=\"text-editor.default\">\n\t\t\t\t<div class=\"elementor-widget-container\">\n\t\t\t\t\t\t\t\t\tLire la Bible r\u00e9guli\u00e8rement est l\u2019une des routines les plus importantes \u00e0 int\u00e9grer \u00e0 son horaire. Profitez d\u2019une vari\u00e9t\u00e9 de plans de lecture pour agr\u00e9menter et diriger votre temps dans la Parole.\t\t\t\t\t\t\t\t<\/div>\n\t\t\t\t<\/div>\n\t\t\t\t\t<\/div>\n\t\t<\/div>\n\t\t\t\t\t<\/div>\n\t\t<\/section>\n\t\t\t\t<section class=\"elementor-section elementor-inner-section elementor-element elementor-element-48fc746 elementor-section-boxed elementor-section-height-default elementor-section-height-default\" data-id=\"48fc746\" data-element_type=\"section\" data-e-type=\"section\">\n\t\t\t\t\t\t<div class=\"elementor-container elementor-column-gap-default\">\n\t\t\t\t\t<div class=\"elementor-column elementor-col-50 elementor-inner-column elementor-element elementor-element-cb9cef4\" data-id=\"cb9cef4\" data-element_type=\"column\" data-e-type=\"column\">\n\t\t\t<div class=\"elementor-widget-wrap elementor-element-populated\">\n\t\t\t\t\t\t<div class=\"elementor-element elementor-element-112d712 elementor-widget elementor-widget-image\" data-id=\"112d712\" data-element_type=\"widget\" data-e-type=\"widget\" data-widget_type=\"image.default\">\n\t\t\t\t<div class=\"elementor-widget-container\">\n\t\t\t\t\t\t\t\t\t\t\t\t\t\t\t\t<a href=\"\/fr\/contact\/\">\n\t\t\t\t\t\t\t<img decoding=\"async\" width=\"800\" height=\"534\" src=\"https:\/\/biblica.ca\/wp-content\/uploads\/Bibles-1024x683.jpeg\" class=\"elementor-animation-shrink attachment-large size-large wp-image-21408\" alt=\"Woman reading a Bible\" srcset=\"https:\/\/biblica.ca\/wp-content\/uploads\/Bibles-1024x683.jpeg 1024w, https:\/\/biblica.ca\/wp-content\/uploads\/Bibles-300x200.jpeg 300w, https:\/\/biblica.ca\/wp-content\/uploads\/Bibles-1536x1024.jpeg 1536w, https:\/\/biblica.ca\/wp-content\/uploads\/Bibles-2048x1365.jpeg 2048w\" sizes=\"(max-width: 800px) 100vw, 800px\" \/>\t\t\t\t\t\t\t\t<\/a>\n\t\t\t\t\t\t\t\t\t\t\t\t\t\t\t<\/div>\n\t\t\t\t<\/div>\n\t\t\t\t<div class=\"elementor-element elementor-element-31726c2 elementor-widget elementor-widget-heading\" data-id=\"31726c2\" data-element_type=\"widget\" data-e-type=\"widget\" data-widget_type=\"heading.default\">\n\t\t\t\t<div class=\"elementor-widget-container\">\n\t\t\t\t\t<h2 class=\"elementor-heading-title elementor-size-default\"><a href=\"\/fr\/contact\/\">Bibles<\/a><\/h2>\t\t\t\t<\/div>\n\t\t\t\t<\/div>\n\t\t\t\t<div class=\"elementor-element elementor-element-cf4f044 elementor-widget elementor-widget-text-editor\" data-id=\"cf4f044\" data-element_type=\"widget\" data-e-type=\"widget\" data-widget_type=\"text-editor.default\">\n\t\t\t\t<div class=\"elementor-widget-container\">\n\t\t\t\t\t\t\t\t\t<p>Vous avez besoin de bibles pour votre \u00e9glise ou pour votre groupe de discussion? Biblica publie des bibles en fran\u00e7ais, dans la version du Semeur, et en anglais (la NIV) et les met \u00e0 votre disposition pour que vous puissiez, d\u00e8s aujourd\u2019hui, vous engager \u00e0 la lire. Contactez-nous pour en savoir plus.<\/p>\t\t\t\t\t\t\t\t<\/div>\n\t\t\t\t<\/div>\n\t\t\t\t\t<\/div>\n\t\t<\/div>\n\t\t\t\t<div class=\"elementor-column elementor-col-50 elementor-inner-column elementor-element elementor-element-ce61d42\" data-id=\"ce61d42\" data-element_type=\"column\" data-e-type=\"column\">\n\t\t\t<div class=\"elementor-widget-wrap elementor-element-populated\">\n\t\t\t\t\t\t<div class=\"elementor-element elementor-element-de0afdd elementor-widget elementor-widget-image\" data-id=\"de0afdd\" data-element_type=\"widget\" data-e-type=\"widget\" data-widget_type=\"image.default\">\n\t\t\t\t<div class=\"elementor-widget-container\">\n\t\t\t\t\t\t\t\t\t\t\t\t\t\t\t\t<a href=\"https:\/\/biblica.ca\/fr\/alphaomega\/\">\n\t\t\t\t\t\t\t<img decoding=\"async\" width=\"800\" height=\"534\" src=\"https:\/\/biblica.ca\/wp-content\/uploads\/Discussion-group-1024x683.jpeg\" class=\"elementor-animation-shrink attachment-large size-large wp-image-21409\" alt=\"Group of people discussing the Bible\" srcset=\"https:\/\/biblica.ca\/wp-content\/uploads\/Discussion-group-1024x683.jpeg 1024w, https:\/\/biblica.ca\/wp-content\/uploads\/Discussion-group-300x200.jpeg 300w, https:\/\/biblica.ca\/wp-content\/uploads\/Discussion-group-1536x1025.jpeg 1536w\" sizes=\"(max-width: 800px) 100vw, 800px\" \/>\t\t\t\t\t\t\t\t<\/a>\n\t\t\t\t\t\t\t\t\t\t\t\t\t\t\t<\/div>\n\t\t\t\t<\/div>\n\t\t\t\t<div class=\"elementor-element elementor-element-4b8fe58 elementor-widget elementor-widget-heading\" data-id=\"4b8fe58\" data-element_type=\"widget\" data-e-type=\"widget\" data-widget_type=\"heading.default\">\n\t\t\t\t<div class=\"elementor-widget-container\">\n\t\t\t\t\t<h2 class=\"elementor-heading-title elementor-size-default\"><a href=\"\/fr\/alphaomega\/\">Groupes de discussion<\/a><\/h2>\t\t\t\t<\/div>\n\t\t\t\t<\/div>\n\t\t\t\t<div class=\"elementor-element elementor-element-8c194ab elementor-widget elementor-widget-text-editor\" data-id=\"8c194ab\" data-element_type=\"widget\" data-e-type=\"widget\" data-widget_type=\"text-editor.default\">\n\t\t\t\t<div class=\"elementor-widget-container\">\n\t\t\t\t\t\t\t\t\t<p>Vous cherchez un programme de lecture de la Bible adapt\u00e9 aux groupes? Le programme Alpha Om\u00e9ga de Biblica Canada vous donne toutes les ressources n\u00e9cessaires pour vous permettre d\u2019animer un groupe de discussion centr\u00e9 sur la Bible.<\/p>\t\t\t\t\t\t\t\t<\/div>\n\t\t\t\t<\/div>\n\t\t\t\t\t<\/div>\n\t\t<\/div>\n\t\t\t\t\t<\/div>\n\t\t<\/section>\n\t\t\t\t\t<\/div>\n\t\t<\/div>\n\t\t\t\t\t<\/div>\n\t\t<\/section>\n\t\t\t\t<section class=\"elementor-section elementor-top-section elementor-element elementor-element-5b3c97f0 elementor-section-content-middle elementor-section-boxed elementor-section-height-default elementor-section-height-default\" data-id=\"5b3c97f0\" data-element_type=\"section\" data-e-type=\"section\" data-settings=\"{&quot;background_background&quot;:&quot;classic&quot;}\">\n\t\t\t\t\t\t<div class=\"elementor-container elementor-column-gap-no\">\n\t\t\t\t\t<div class=\"elementor-column elementor-col-100 elementor-top-column elementor-element elementor-element-38f7c846\" data-id=\"38f7c846\" data-element_type=\"column\" data-e-type=\"column\">\n\t\t\t<div class=\"elementor-widget-wrap elementor-element-populated\">\n\t\t\t\t\t\t<div class=\"elementor-element elementor-element-ee041d2 elementor-widget elementor-widget-heading\" data-id=\"ee041d2\" data-element_type=\"widget\" data-e-type=\"widget\" data-widget_type=\"heading.default\">\n\t\t\t\t<div class=\"elementor-widget-container\">\n\t\t\t\t\t<h4 class=\"elementor-heading-title elementor-size-default\">Besoin d'une ressource?<\/h4>\t\t\t\t<\/div>\n\t\t\t\t<\/div>\n\t\t\t\t<div class=\"elementor-element elementor-element-2184723e elementor-widget elementor-widget-text-editor\" data-id=\"2184723e\" data-element_type=\"widget\" data-e-type=\"widget\" data-widget_type=\"text-editor.default\">\n\t\t\t\t<div class=\"elementor-widget-container\">\n\t\t\t\t\t\t\t\t\t<p>Vous ne trouvez pas la ressource dont vous avez besoin? Vous avez une id\u00e9e de ressource et cherchez de l\u2019aide pour la faire voir le jour? \u00c9crivez-nous. Notre \u00e9quipe pourra soit vous diriger au bon endroit, soit la cr\u00e9er avec vous.<\/p>\t\t\t\t\t\t\t\t<\/div>\n\t\t\t\t<\/div>\n\t\t\t\t<div class=\"elementor-element elementor-element-7c979c0b elementor-align-center elementor-widget elementor-widget-button\" data-id=\"7c979c0b\" data-element_type=\"widget\" data-e-type=\"widget\" data-widget_type=\"button.default\">\n\t\t\t\t<div class=\"elementor-widget-container\">\n\t\t\t\t\t\t\t\t\t<div class=\"elementor-button-wrapper\">\n\t\t\t\t\t<a class=\"elementor-button elementor-button-link elementor-size-md\" href=\"\/fr\/contact\/\">\n\t\t\t\t\t\t<span class=\"elementor-button-content-wrapper\">\n\t\t\t\t\t\t\t\t\t<span class=\"elementor-button-text\">Contactez-nous<\/span>\n\t\t\t\t\t<\/span>\n\t\t\t\t\t<\/a>\n\t\t\t\t<\/div>\n\t\t\t\t\t\t\t\t<\/div>\n\t\t\t\t<\/div>\n\t\t\t\t\t<\/div>\n\t\t<\/div>\n\t\t\t\t\t<\/div>\n\t\t<\/section>\n\t\t\t\t<\/div>","protected":false},"excerpt":{"rendered":"<p>Resources to equip your faith Tools to discover the Bible, on your own or as a group Read the Bible online Read (or listen to) the Bible for free in one of Biblica\u2019s 40 modern translations. Reading plans Reading the Bible regularly is one of the most important routines to incorporate into your schedule. Take [&hellip;]<\/p>\n","protected":false},"author":3,"featured_media":0,"parent":0,"menu_order":0,"comment_status":"closed","ping_status":"closed","template":"elementor_header_footer","meta":{"inline_featured_image":false,"footnotes":""},"class_list":["post-1902","page","type-page","status-publish","hentry"],"yoast_head":"<!-- This site is optimized with the Yoast SEO plugin v27.1.1 - https:\/\/yoast.com\/product\/yoast-seo-wordpress\/ -->\n<title>Resources | Biblica<\/title>\n<meta name=\"description\" content=\"Biblica provides free resources to help you read your Bible\" \/>\n<meta name=\"robots\" content=\"index, follow, max-snippet:-1, max-image-preview:large, max-video-preview:-1\" \/>\n<link rel=\"canonical\" href=\"https:\/\/biblica.ca\/fr\/resources\/\" \/>\n<meta name=\"twitter:label1\" content=\"Estimation du temps de lecture\" \/>\n\t<meta name=\"twitter:data1\" content=\"2 minutes\" \/>\n<script type=\"application\/ld+json\" class=\"yoast-schema-graph\">{\"@context\":\"https:\/\/schema.org\",\"@graph\":[{\"@type\":\"WebPage\",\"@id\":\"https:\/\/biblica.ca\/fr\/resources\/\",\"url\":\"https:\/\/biblica.ca\/fr\/resources\/\",\"name\":\"Resources | Biblica\",\"isPartOf\":{\"@id\":\"https:\/\/biblica.ca\/#website\"},\"primaryImageOfPage\":{\"@id\":\"https:\/\/biblica.ca\/fr\/resources\/#primaryimage\"},\"image\":{\"@id\":\"https:\/\/biblica.ca\/fr\/resources\/#primaryimage\"},\"thumbnailUrl\":\"https:\/\/biblica.ca\/wp-content\/uploads\/Read-Bible-online-scaled.jpg\",\"datePublished\":\"2016-09-26T02:55:42+00:00\",\"dateModified\":\"2025-03-25T15:27:11+00:00\",\"description\":\"Biblica provides free resources to help you read your Bible\",\"inLanguage\":\"fr-CA\",\"potentialAction\":[{\"@type\":\"ReadAction\",\"target\":[\"https:\/\/biblica.ca\/fr\/resources\/\"]}]},{\"@type\":\"ImageObject\",\"inLanguage\":\"fr-CA\",\"@id\":\"https:\/\/biblica.ca\/fr\/resources\/#primaryimage\",\"url\":\"https:\/\/biblica.ca\/wp-content\/uploads\/Read-Bible-online-scaled.jpg\",\"contentUrl\":\"https:\/\/biblica.ca\/wp-content\/uploads\/Read-Bible-online-scaled.jpg\"},{\"@type\":\"WebSite\",\"@id\":\"https:\/\/biblica.ca\/#website\",\"url\":\"https:\/\/biblica.ca\/\",\"name\":\"Biblica Canada\",\"description\":\"\",\"publisher\":{\"@id\":\"https:\/\/biblica.ca\/#organization\"},\"potentialAction\":[{\"@type\":\"SearchAction\",\"target\":{\"@type\":\"EntryPoint\",\"urlTemplate\":\"https:\/\/biblica.ca\/?s={search_term_string}\"},\"query-input\":{\"@type\":\"PropertyValueSpecification\",\"valueRequired\":true,\"valueName\":\"search_term_string\"}}],\"inLanguage\":\"fr-CA\"},{\"@type\":\"Organization\",\"@id\":\"https:\/\/biblica.ca\/#organization\",\"name\":\"Biblica Canada\",\"url\":\"https:\/\/biblica.ca\/\",\"logo\":{\"@type\":\"ImageObject\",\"inLanguage\":\"fr-CA\",\"@id\":\"https:\/\/biblica.ca\/#\/schema\/logo\/image\/\",\"url\":\"https:\/\/biblica.ca\/wp-content\/uploads\/biblica_logo_blue.svg\",\"contentUrl\":\"https:\/\/biblica.ca\/wp-content\/uploads\/biblica_logo_blue.svg\",\"width\":108,\"height\":102,\"caption\":\"Biblica Canada\"},\"image\":{\"@id\":\"https:\/\/biblica.ca\/#\/schema\/logo\/image\/\"},\"sameAs\":[\"http:\/\/www.facebook.com\/biblica\",\"http:\/\/instagram.com\/biblicacanada\"]}]}<\/script>\n<!-- \/ Yoast SEO plugin. -->","yoast_head_json":{"title":"Resources | Biblica","description":"Biblica provides free resources to help you read your Bible","robots":{"index":"index","follow":"follow","max-snippet":"max-snippet:-1","max-image-preview":"max-image-preview:large","max-video-preview":"max-video-preview:-1"},"canonical":"https:\/\/biblica.ca\/fr\/resources\/","twitter_misc":{"Estimation du temps de lecture":"2 minutes"},"schema":{"@context":"https:\/\/schema.org","@graph":[{"@type":"WebPage","@id":"https:\/\/biblica.ca\/fr\/resources\/","url":"https:\/\/biblica.ca\/fr\/resources\/","name":"Resources | Biblica","isPartOf":{"@id":"https:\/\/biblica.ca\/#website"},"primaryImageOfPage":{"@id":"https:\/\/biblica.ca\/fr\/resources\/#primaryimage"},"image":{"@id":"https:\/\/biblica.ca\/fr\/resources\/#primaryimage"},"thumbnailUrl":"https:\/\/biblica.ca\/wp-content\/uploads\/Read-Bible-online-scaled.jpg","datePublished":"2016-09-26T02:55:42+00:00","dateModified":"2025-03-25T15:27:11+00:00","description":"Biblica provides free resources to help you read your Bible","inLanguage":"fr-CA","potentialAction":[{"@type":"ReadAction","target":["https:\/\/biblica.ca\/fr\/resources\/"]}]},{"@type":"ImageObject","inLanguage":"fr-CA","@id":"https:\/\/biblica.ca\/fr\/resources\/#primaryimage","url":"https:\/\/biblica.ca\/wp-content\/uploads\/Read-Bible-online-scaled.jpg","contentUrl":"https:\/\/biblica.ca\/wp-content\/uploads\/Read-Bible-online-scaled.jpg"},{"@type":"WebSite","@id":"https:\/\/biblica.ca\/#website","url":"https:\/\/biblica.ca\/","name":"Biblica Canada","description":"","publisher":{"@id":"https:\/\/biblica.ca\/#organization"},"potentialAction":[{"@type":"SearchAction","target":{"@type":"EntryPoint","urlTemplate":"https:\/\/biblica.ca\/?s={search_term_string}"},"query-input":{"@type":"PropertyValueSpecification","valueRequired":true,"valueName":"search_term_string"}}],"inLanguage":"fr-CA"},{"@type":"Organization","@id":"https:\/\/biblica.ca\/#organization","name":"Biblica Canada","url":"https:\/\/biblica.ca\/","logo":{"@type":"ImageObject","inLanguage":"fr-CA","@id":"https:\/\/biblica.ca\/#\/schema\/logo\/image\/","url":"https:\/\/biblica.ca\/wp-content\/uploads\/biblica_logo_blue.svg","contentUrl":"https:\/\/biblica.ca\/wp-content\/uploads\/biblica_logo_blue.svg","width":108,"height":102,"caption":"Biblica Canada"},"image":{"@id":"https:\/\/biblica.ca\/#\/schema\/logo\/image\/"},"sameAs":["http:\/\/www.facebook.com\/biblica","http:\/\/instagram.com\/biblicacanada"]}]}},"_links":{"self":[{"href":"https:\/\/biblica.ca\/fr\/wp-json\/wp\/v2\/pages\/1902","targetHints":{"allow":["GET"]}}],"collection":[{"href":"https:\/\/biblica.ca\/fr\/wp-json\/wp\/v2\/pages"}],"about":[{"href":"https:\/\/biblica.ca\/fr\/wp-json\/wp\/v2\/types\/page"}],"author":[{"embeddable":true,"href":"https:\/\/biblica.ca\/fr\/wp-json\/wp\/v2\/users\/3"}],"replies":[{"embeddable":true,"href":"https:\/\/biblica.ca\/fr\/wp-json\/wp\/v2\/comments?post=1902"}],"version-history":[{"count":88,"href":"https:\/\/biblica.ca\/fr\/wp-json\/wp\/v2\/pages\/1902\/revisions"}],"predecessor-version":[{"id":22100,"href":"https:\/\/biblica.ca\/fr\/wp-json\/wp\/v2\/pages\/1902\/revisions\/22100"}],"wp:attachment":[{"href":"https:\/\/biblica.ca\/fr\/wp-json\/wp\/v2\/media?parent=1902"}],"curies":[{"name":"wp","href":"https:\/\/api.w.org\/{rel}","templated":true}]}}