{"id":1000,"date":"2016-08-12T14:53:40","date_gmt":"2016-08-12T20:53:40","guid":{"rendered":"https:\/\/biblica.ca\/?page_id=1000"},"modified":"2024-10-11T08:29:26","modified_gmt":"2024-10-11T12:29:26","slug":"contact","status":"publish","type":"page","link":"https:\/\/biblica.ca\/fr\/about\/contact\/","title":{"rendered":"Contactez Biblica Canada"},"content":{"rendered":"\t\t<div data-elementor-type=\"wp-page\" data-elementor-id=\"1000\" class=\"elementor elementor-1000\" data-elementor-post-type=\"page\">\n\t\t\t\t\t\t<section class=\"elementor-section elementor-top-section elementor-element elementor-element-215e70fc elementor-section-boxed elementor-section-height-default elementor-section-height-default\" data-id=\"215e70fc\" data-element_type=\"section\" data-e-type=\"section\">\n\t\t\t\t\t\t<div class=\"elementor-container elementor-column-gap-default\">\n\t\t\t\t\t<div class=\"elementor-column elementor-col-100 elementor-top-column elementor-element elementor-element-3781e8e6\" data-id=\"3781e8e6\" data-element_type=\"column\" data-e-type=\"column\">\n\t\t\t<div class=\"elementor-widget-wrap elementor-element-populated\">\n\t\t\t\t\t\t<div class=\"elementor-element elementor-element-12dfd0da elementor-widget elementor-widget-text-editor\" data-id=\"12dfd0da\" data-element_type=\"widget\" data-e-type=\"widget\" data-widget_type=\"text-editor.default\">\n\t\t\t\t<div class=\"elementor-widget-container\">\n\t\t\t\t\t\t\t\t\t<h3><strong>Biblica Canada<\/strong><\/h3><p><strong>General questions:<\/strong> 1 (514) 500-0015<\/p>\t\t\t\t\t\t\t\t<\/div>\n\t\t\t\t<\/div>\n\t\t\t\t<div class=\"elementor-element elementor-element-185a731 elementor-widget elementor-widget-text-editor\" data-id=\"185a731\" data-element_type=\"widget\" data-e-type=\"widget\" data-widget_type=\"text-editor.default\">\n\t\t\t\t<div class=\"elementor-widget-container\">\n\t\t\t\t\t\t\t\t\t<p><strong>Mailing address:<\/strong><br>Biblica Canada<br>4824 C\u00f4te-des-Neiges Street, Suite C<br>Montr\u00e9al, Qu\u00e9bec &nbsp;H3G 1V4<\/p><p>info@biblica.ca<\/p>\t\t\t\t\t\t\t\t<\/div>\n\t\t\t\t<\/div>\n\t\t\t\t\t<\/div>\n\t\t<\/div>\n\t\t\t\t\t<\/div>\n\t\t<\/section>\n\t\t\t\t<section class=\"elementor-section elementor-top-section elementor-element elementor-element-fdc00e1 elementor-section-boxed elementor-section-height-default elementor-section-height-default\" data-id=\"fdc00e1\" data-element_type=\"section\" data-e-type=\"section\">\n\t\t\t\t\t\t<div class=\"elementor-container elementor-column-gap-default\">\n\t\t\t\t\t<div class=\"elementor-column elementor-col-100 elementor-top-column elementor-element elementor-element-5d3d3fc\" data-id=\"5d3d3fc\" data-element_type=\"column\" data-e-type=\"column\">\n\t\t\t<div class=\"elementor-widget-wrap elementor-element-populated\">\n\t\t\t\t\t\t<div class=\"elementor-element elementor-element-a271121 elementor-widget elementor-widget-heading\" data-id=\"a271121\" data-element_type=\"widget\" data-e-type=\"widget\" data-widget_type=\"heading.default\">\n\t\t\t\t<div class=\"elementor-widget-container\">\n\t\t\t\t\t<h2 class=\"elementor-heading-title elementor-size-default\"><br>Contact us<\/h2>\t\t\t\t<\/div>\n\t\t\t\t<\/div>\n\t\t\t\t\t<\/div>\n\t\t<\/div>\n\t\t\t\t\t<\/div>\n\t\t<\/section>\n\t\t\t\t<section class=\"elementor-section elementor-top-section elementor-element elementor-element-42c5865 elementor-section-boxed elementor-section-height-default elementor-section-height-default\" data-id=\"42c5865\" data-element_type=\"section\" data-e-type=\"section\">\n\t\t\t\t\t\t<div class=\"elementor-container elementor-column-gap-default\">\n\t\t\t\t\t<div class=\"elementor-column elementor-col-100 elementor-top-column elementor-element elementor-element-f07d3c1\" data-id=\"f07d3c1\" data-element_type=\"column\" data-e-type=\"column\">\n\t\t\t<div class=\"elementor-widget-wrap elementor-element-populated\">\n\t\t\t\t\t\t<div class=\"elementor-element elementor-element-f678db8 elementor-button-align-stretch elementor-widget elementor-widget-form\" data-id=\"f678db8\" data-element_type=\"widget\" data-e-type=\"widget\" data-settings=\"{&quot;step_next_label&quot;:&quot;Next&quot;,&quot;step_previous_label&quot;:&quot;Previous&quot;,&quot;button_width&quot;:&quot;100&quot;,&quot;step_type&quot;:&quot;number_text&quot;,&quot;step_icon_shape&quot;:&quot;circle&quot;}\" data-widget_type=\"form.default\">\n\t\t\t\t<div class=\"elementor-widget-container\">\n\t\t\t\t\t\t\t<form class=\"elementor-form\" method=\"post\" name=\"New Form\" aria-label=\"New Form\">\n\t\t\t<input type=\"hidden\" name=\"post_id\" value=\"1000\"\/>\n\t\t\t<input type=\"hidden\" name=\"form_id\" value=\"f678db8\"\/>\n\t\t\t<input type=\"hidden\" name=\"referer_title\" value=\"Contact Biblica Canada | Biblica Canada\" \/>\n\n\t\t\t\t\t\t\t<input type=\"hidden\" name=\"queried_id\" value=\"1000\"\/>\n\t\t\t\n\t\t\t<div class=\"elementor-form-fields-wrapper elementor-labels-above\">\n\t\t\t\t\t\t\t\t<div class=\"elementor-field-type-text elementor-field-group elementor-column elementor-field-group-name elementor-col-100\">\n\t\t\t\t\t\t\t\t\t\t\t\t<label for=\"form-field-name\" class=\"elementor-field-label\">\n\t\t\t\t\t\t\t\tName\t\t\t\t\t\t\t<\/label>\n\t\t\t\t\t\t\t\t\t\t\t\t\t\t<input size=\"1\" type=\"text\" name=\"form_fields[name]\" id=\"form-field-name\" class=\"elementor-field elementor-size-sm  elementor-field-textual\" placeholder=\"Name\">\n\t\t\t\t\t\t\t\t\t\t\t<\/div>\n\t\t\t\t\t\t\t\t<div class=\"elementor-field-type-email elementor-field-group elementor-column elementor-field-group-email elementor-col-100 elementor-field-required elementor-mark-required\">\n\t\t\t\t\t\t\t\t\t\t\t\t<label for=\"form-field-email\" class=\"elementor-field-label\">\n\t\t\t\t\t\t\t\tEmail\t\t\t\t\t\t\t<\/label>\n\t\t\t\t\t\t\t\t\t\t\t\t\t\t<input size=\"1\" type=\"email\" name=\"form_fields[email]\" id=\"form-field-email\" class=\"elementor-field elementor-size-sm  elementor-field-textual\" placeholder=\"Email\" required=\"required\">\n\t\t\t\t\t\t\t\t\t\t\t<\/div>\n\t\t\t\t\t\t\t\t<div class=\"elementor-field-type-textarea elementor-field-group elementor-column elementor-field-group-message elementor-col-100\">\n\t\t\t\t\t\t\t\t\t\t\t\t<label for=\"form-field-message\" class=\"elementor-field-label\">\n\t\t\t\t\t\t\t\tMessage\t\t\t\t\t\t\t<\/label>\n\t\t\t\t\t\t<textarea class=\"elementor-field-textual elementor-field  elementor-size-sm\" name=\"form_fields[message]\" id=\"form-field-message\" rows=\"4\" placeholder=\"Message\"><\/textarea>\t\t\t\t<\/div>\n\t\t\t\t\t\t\t\t<div class=\"elementor-field-group elementor-column elementor-field-type-submit elementor-col-100 e-form__buttons\">\n\t\t\t\t\t<button class=\"elementor-button elementor-size-sm\" type=\"submit\">\n\t\t\t\t\t\t<span class=\"elementor-button-content-wrapper\">\n\t\t\t\t\t\t\t\t\t\t\t\t\t\t\t\t\t\t\t\t\t\t<span class=\"elementor-button-text\">Send<\/span>\n\t\t\t\t\t\t\t\t\t\t\t\t\t<\/span>\n\t\t\t\t\t<\/button>\n\t\t\t\t<\/div>\n\t\t\t<\/div>\n\t\t<\/form>\n\t\t\t\t\t\t<\/div>\n\t\t\t\t<\/div>\n\t\t\t\t\t<\/div>\n\t\t<\/div>\n\t\t\t\t\t<\/div>\n\t\t<\/section>\n\t\t\t\t<\/div>\n\t\t","protected":false},"excerpt":{"rendered":"<p>Biblica Canada General questions: 1 (514) 500-0015 Mailing address:Biblica Canada4824 C\u00f4te-des-Neiges Street, Suite CMontr\u00e9al, Qu\u00e9bec &nbsp;H3G 1V4 info@biblica.ca Contact us<\/p>","protected":false},"author":3,"featured_media":2271,"parent":538,"menu_order":0,"comment_status":"closed","ping_status":"closed","template":"","meta":{"inline_featured_image":false,"footnotes":""},"class_list":["post-1000","page","type-page","status-publish","has-post-thumbnail","hentry"],"yoast_head":"<!-- This site is optimized with the Yoast SEO plugin v27.4 - https:\/\/yoast.com\/product\/yoast-seo-wordpress\/ -->\n<title>Contact Biblica Canada | Biblica Canada<\/title>\n<meta name=\"description\" content=\"See Biblica&#039;s office hours, phone number, address, and contact us directly via our contact form.\" \/>\n<meta name=\"robots\" content=\"index, follow, max-snippet:-1, max-image-preview:large, max-video-preview:-1\" \/>\n<link rel=\"canonical\" href=\"https:\/\/biblica.ca\/fr\/about\/contact\/\" \/>\n<meta name=\"twitter:label1\" content=\"Estimation du temps de lecture\" \/>\n\t<meta name=\"twitter:data1\" content=\"1 minute\" \/>\n<script type=\"application\/ld+json\" class=\"yoast-schema-graph\">{\"@context\":\"https:\\\/\\\/schema.org\",\"@graph\":[{\"@type\":\"WebPage\",\"@id\":\"https:\\\/\\\/biblica.ca\\\/about\\\/contact\\\/\",\"url\":\"https:\\\/\\\/biblica.ca\\\/about\\\/contact\\\/\",\"name\":\"Contact Biblica Canada | Biblica Canada\",\"isPartOf\":{\"@id\":\"https:\\\/\\\/biblica.ca\\\/#website\"},\"primaryImageOfPage\":{\"@id\":\"https:\\\/\\\/biblica.ca\\\/about\\\/contact\\\/#primaryimage\"},\"image\":{\"@id\":\"https:\\\/\\\/biblica.ca\\\/about\\\/contact\\\/#primaryimage\"},\"thumbnailUrl\":\"https:\\\/\\\/biblica.ca\\\/wp-content\\\/uploads\\\/header_contact.jpg\",\"datePublished\":\"2016-08-12T20:53:40+00:00\",\"dateModified\":\"2024-10-11T12:29:26+00:00\",\"description\":\"See Biblica's office hours, phone number, address, and contact us directly via our contact form.\",\"breadcrumb\":{\"@id\":\"https:\\\/\\\/biblica.ca\\\/about\\\/contact\\\/#breadcrumb\"},\"inLanguage\":\"fr-CA\",\"potentialAction\":[{\"@type\":\"ReadAction\",\"target\":[\"https:\\\/\\\/biblica.ca\\\/about\\\/contact\\\/\"]}]},{\"@type\":\"ImageObject\",\"inLanguage\":\"fr-CA\",\"@id\":\"https:\\\/\\\/biblica.ca\\\/about\\\/contact\\\/#primaryimage\",\"url\":\"https:\\\/\\\/biblica.ca\\\/wp-content\\\/uploads\\\/header_contact.jpg\",\"contentUrl\":\"https:\\\/\\\/biblica.ca\\\/wp-content\\\/uploads\\\/header_contact.jpg\",\"width\":4800,\"height\":2520},{\"@type\":\"BreadcrumbList\",\"@id\":\"https:\\\/\\\/biblica.ca\\\/about\\\/contact\\\/#breadcrumb\",\"itemListElement\":[{\"@type\":\"ListItem\",\"position\":1,\"name\":\"About\",\"item\":\"https:\\\/\\\/biblica.ca\\\/about\\\/\"},{\"@type\":\"ListItem\",\"position\":2,\"name\":\"Contact Biblica Canada\"}]},{\"@type\":\"WebSite\",\"@id\":\"https:\\\/\\\/biblica.ca\\\/#website\",\"url\":\"https:\\\/\\\/biblica.ca\\\/\",\"name\":\"Biblica Canada\",\"description\":\"\",\"publisher\":{\"@id\":\"https:\\\/\\\/biblica.ca\\\/#organization\"},\"potentialAction\":[{\"@type\":\"SearchAction\",\"target\":{\"@type\":\"EntryPoint\",\"urlTemplate\":\"https:\\\/\\\/biblica.ca\\\/?s={search_term_string}\"},\"query-input\":{\"@type\":\"PropertyValueSpecification\",\"valueRequired\":true,\"valueName\":\"search_term_string\"}}],\"inLanguage\":\"fr-CA\"},{\"@type\":\"Organization\",\"@id\":\"https:\\\/\\\/biblica.ca\\\/#organization\",\"name\":\"Biblica Canada\",\"url\":\"https:\\\/\\\/biblica.ca\\\/\",\"logo\":{\"@type\":\"ImageObject\",\"inLanguage\":\"fr-CA\",\"@id\":\"https:\\\/\\\/biblica.ca\\\/#\\\/schema\\\/logo\\\/image\\\/\",\"url\":\"https:\\\/\\\/biblica.ca\\\/wp-content\\\/uploads\\\/biblica_logo_blue.svg\",\"contentUrl\":\"https:\\\/\\\/biblica.ca\\\/wp-content\\\/uploads\\\/biblica_logo_blue.svg\",\"width\":108,\"height\":102,\"caption\":\"Biblica Canada\"},\"image\":{\"@id\":\"https:\\\/\\\/biblica.ca\\\/#\\\/schema\\\/logo\\\/image\\\/\"},\"sameAs\":[\"http:\\\/\\\/www.facebook.com\\\/biblica\",\"http:\\\/\\\/instagram.com\\\/biblicacanada\"]}]}<\/script>\n<!-- \/ Yoast SEO plugin. -->","yoast_head_json":{"title":"Contact Biblica Canada | Biblica Canada","description":"See Biblica's office hours, phone number, address, and contact us directly via our contact form.","robots":{"index":"index","follow":"follow","max-snippet":"max-snippet:-1","max-image-preview":"max-image-preview:large","max-video-preview":"max-video-preview:-1"},"canonical":"https:\/\/biblica.ca\/fr\/about\/contact\/","twitter_misc":{"Estimation du temps de lecture":"1 minute"},"schema":{"@context":"https:\/\/schema.org","@graph":[{"@type":"WebPage","@id":"https:\/\/biblica.ca\/about\/contact\/","url":"https:\/\/biblica.ca\/about\/contact\/","name":"Contact Biblica Canada | Biblica Canada","isPartOf":{"@id":"https:\/\/biblica.ca\/#website"},"primaryImageOfPage":{"@id":"https:\/\/biblica.ca\/about\/contact\/#primaryimage"},"image":{"@id":"https:\/\/biblica.ca\/about\/contact\/#primaryimage"},"thumbnailUrl":"https:\/\/biblica.ca\/wp-content\/uploads\/header_contact.jpg","datePublished":"2016-08-12T20:53:40+00:00","dateModified":"2024-10-11T12:29:26+00:00","description":"See Biblica's office hours, phone number, address, and contact us directly via our contact form.","breadcrumb":{"@id":"https:\/\/biblica.ca\/about\/contact\/#breadcrumb"},"inLanguage":"fr-CA","potentialAction":[{"@type":"ReadAction","target":["https:\/\/biblica.ca\/about\/contact\/"]}]},{"@type":"ImageObject","inLanguage":"fr-CA","@id":"https:\/\/biblica.ca\/about\/contact\/#primaryimage","url":"https:\/\/biblica.ca\/wp-content\/uploads\/header_contact.jpg","contentUrl":"https:\/\/biblica.ca\/wp-content\/uploads\/header_contact.jpg","width":4800,"height":2520},{"@type":"BreadcrumbList","@id":"https:\/\/biblica.ca\/about\/contact\/#breadcrumb","itemListElement":[{"@type":"ListItem","position":1,"name":"About","item":"https:\/\/biblica.ca\/about\/"},{"@type":"ListItem","position":2,"name":"Contact Biblica Canada"}]},{"@type":"WebSite","@id":"https:\/\/biblica.ca\/#website","url":"https:\/\/biblica.ca\/","name":"Biblica Canada","description":"","publisher":{"@id":"https:\/\/biblica.ca\/#organization"},"potentialAction":[{"@type":"SearchAction","target":{"@type":"EntryPoint","urlTemplate":"https:\/\/biblica.ca\/?s={search_term_string}"},"query-input":{"@type":"PropertyValueSpecification","valueRequired":true,"valueName":"search_term_string"}}],"inLanguage":"fr-CA"},{"@type":"Organization","@id":"https:\/\/biblica.ca\/#organization","name":"Biblica Canada","url":"https:\/\/biblica.ca\/","logo":{"@type":"ImageObject","inLanguage":"fr-CA","@id":"https:\/\/biblica.ca\/#\/schema\/logo\/image\/","url":"https:\/\/biblica.ca\/wp-content\/uploads\/biblica_logo_blue.svg","contentUrl":"https:\/\/biblica.ca\/wp-content\/uploads\/biblica_logo_blue.svg","width":108,"height":102,"caption":"Biblica Canada"},"image":{"@id":"https:\/\/biblica.ca\/#\/schema\/logo\/image\/"},"sameAs":["http:\/\/www.facebook.com\/biblica","http:\/\/instagram.com\/biblicacanada"]}]}},"_links":{"self":[{"href":"https:\/\/biblica.ca\/fr\/wp-json\/wp\/v2\/pages\/1000","targetHints":{"allow":["GET"]}}],"collection":[{"href":"https:\/\/biblica.ca\/fr\/wp-json\/wp\/v2\/pages"}],"about":[{"href":"https:\/\/biblica.ca\/fr\/wp-json\/wp\/v2\/types\/page"}],"author":[{"embeddable":true,"href":"https:\/\/biblica.ca\/fr\/wp-json\/wp\/v2\/users\/3"}],"replies":[{"embeddable":true,"href":"https:\/\/biblica.ca\/fr\/wp-json\/wp\/v2\/comments?post=1000"}],"version-history":[{"count":37,"href":"https:\/\/biblica.ca\/fr\/wp-json\/wp\/v2\/pages\/1000\/revisions"}],"predecessor-version":[{"id":22050,"href":"https:\/\/biblica.ca\/fr\/wp-json\/wp\/v2\/pages\/1000\/revisions\/22050"}],"up":[{"embeddable":true,"href":"https:\/\/biblica.ca\/fr\/wp-json\/wp\/v2\/pages\/538"}],"wp:featuredmedia":[{"embeddable":true,"href":"https:\/\/biblica.ca\/fr\/wp-json\/wp\/v2\/media\/2271"}],"wp:attachment":[{"href":"https:\/\/biblica.ca\/fr\/wp-json\/wp\/v2\/media?parent=1000"}],"curies":[{"name":"wp","href":"https:\/\/api.w.org\/{rel}","templated":true}]}}